{"id":9571,"date":"2022-11-12T17:26:16","date_gmt":"2022-11-12T16:26:16","guid":{"rendered":"https:\/\/swissgliders.ch\/?post_type=product&#038;p=9571"},"modified":"2024-11-30T11:50:55","modified_gmt":"2024-11-30T10:50:55","slug":"skywalk-joint5","status":"publish","type":"product","link":"https:\/\/swissgliders.ch\/de\/produkt\/skywalk-joint5\/","title":{"rendered":"Skywalk Joint 5 EN-B"},"content":{"rendered":"<div class=\"et_pb_module et_pb_text et_pb_text_0 et_pb_text_align_left et_pb_bg_layout_light\">\n<div class=\"et_pb_module et_pb_text et_pb_text_0 et_pb_text_align_left et_pb_bg_layout_light\">\n<div class=\"et_pb_text_inner\">\n<p><span data-contrast=\"none\">Der JOIN\u2019T5 wurde speziell f\u00fcr die Bed\u00fcrfnisse des professionellen Tandemfliegens entwickelt. In der Entwicklungsphase haben wir besonders auf das Feedback erfahrener Tandempiloten geachtet, um den hohen Anspr\u00fcchen dieser Zielgruppe gerecht zu werden. Mit drei verf\u00fcgbaren Gr\u00f6\u00dfen deckt der JOIN\u2019T5 einen beeindruckenden Gewichtsbereich von 100 kg bis 240 kg ab und ist damit \u00e4u\u00dferst vielseitig einsetzbar.<\/span><span data-ccp-props=\"{&quot;201341983&quot;:0,&quot;335559739&quot;:0,&quot;335559740&quot;:240}\">\u00a0<\/span><\/p>\n<p><span data-contrast=\"none\">Seine sicheren Starteigenschaften und das dynamisch-spa\u00dfige Flugverhalten machen den JOIN\u2019T5 zum idealen Begleiter f\u00fcr anspruchsvolle Arbeitstage. Praktische Features wie die Ohren-Anlegehilfe und die variable H\u00f6heneinstellung der Bremsrolle erleichtern zus\u00e4tzlich die Handhabung. Die robuste Konstruktion mit gezielten Verst\u00e4rkungen an besonders beanspruchten Stellen garantiert maximale Lebensdauer und bietet auch bei intensiver Nutzung langanhaltende Freude.<\/span><\/p>\n<p>JET FLAPS<br \/>\nUnsere JET FLAPS erweitern den gr\u00fcnen Bereich bei Ann\u00e4herung an den Stallpunkt, erh\u00f6hen damit erheblich die Sicherheit<br \/>\nund sorgen gleichzeitig f\u00fcr eine Verbesserung der Steigleistung.<\/p>\n<p>SHARK NOSE<br \/>\nDie Shark Nose-Technologie verbessert in Kombination mit einem entsprechenden Fl\u00fcgeldesign die Druckverteilung in der<br \/>\nSchirmkappe erheblich. Vorteile: deutlich satteres Fluggef\u00fchl und deutliches Leistungsplus vor allem beim beschleunigten Gleiten.<\/p>\n<p>RIGID FOIL<br \/>\nNylonf\u00e4den halten die Fl\u00fcgelnase sowie das Profil in Form und sorgen f\u00fcr einen konstanteren Staudruck.<br \/>\nVorteile: besseres Startverhalten und mehr Leistung.<\/p>\n<p>3D-SHAPING<br \/>\nDie exakte Berechnung der Fl\u00fcgelnase und der Einbau eines weiteren Tuchstreifens verringert die Faltenbildung in diesem<br \/>\nsensiblen Teil des Schirms. Vorteile: exakter geformte Kappe, mehr Leistung.<\/p>\n<p>MINI RIBS<br \/>\nDie Verdopplung der Zelle am Achterliek erh\u00f6ht die Formstabilit\u00e4t erheblich.<br \/>\nVorteil: Weniger Verwirbelungen verbessern die Aerodynamik und damit die Leistung..<\/p>\n<p>SAND RELEASE SYSTEM 2.0<br \/>\nDurchl\u00e4ssige \u00d6ffnungen der Profilrippen am Achterliek sorgen daf\u00fcr, dass Sand und Schmutz im Schirm automatisch zum<br \/>\nAu\u00dfenfl\u00fcgel transportiert wird und dort herausrieseln kann. Dazu befindet sich am Stabilo eine Schmutzauslass\u00f6ffnung<br \/>\nDas schont das Tuch und \u201eerleichtert\u201c die Hinterkante.<\/p>\n<p>SMART LINK SYSTEM<br \/>\nMarkierte N\u00e4hte an den Tragegurten, damit die Tragegurte korrekt und unverdreht eingeh\u00e4ngt werden.<br \/>\nrot = links; blau = rechts<\/p>\n<h4 class=\"et_pb_module_header\">Dein JOIN&#8217;T5 Paket<\/h4>\n<div class=\"et_pb_blurb_description\">\n<div class=\"et_pb_all_tabs\">\n<ul>\n<li>\n<ul>\n<li>1x Kompressionsinnenpacksack<\/li>\n<li>1x Tragegurtschutzh\u00fclle<\/li>\n<li>1x Kompressionsband<\/li>\n<li>1x Basic Guide<\/li>\n<li>1x Multifunktionstuch<\/li>\n<\/ul>\n<\/li>\n<\/ul>\n<\/div>\n<\/div>\n<\/div>\n<\/div>\n<\/div>\n<p>Mehr<a href=\"https:\/\/skywalk.info\/de\/project\/joint5\/\" target=\"_blank\" rel=\"noopener noreferrer\"> Infos<\/a><\/p>\n<p>Falls dieser Artikel nicht an Lager ist, wird er f\u00fcr dich bestellt. Im Normalfall 1-2 Wochen. Lieferfrist auf Anfrage.<\/p>\n","protected":false},"excerpt":{"rendered":"<div class=\"et_pb_module et_pb_text et_pb_text_0 et_pb_text_align_left et_pb_bg_layout_light\">\n<div class=\"et_pb_module et_pb_text et_pb_text_0 et_pb_text_align_left et_pb_bg_layout_light\">\n<div class=\"et_pb_text_inner\">\n<div class=\"et_pb_module et_pb_text et_pb_text_0 et_pb_text_align_left et_pb_bg_layout_light\">\n<div class=\"et_pb_module et_pb_text et_pb_text_0 et_pb_text_align_left et_pb_bg_layout_light\">\n<div class=\"et_pb_text_inner\">\n<p><span data-contrast=\"none\">Der JOIN\u2019T5 wurde speziell f\u00fcr die Bed\u00fcrfnisse des professionellen Tandemfliegens entwickelt. In der Entwicklungsphase haben wir besonders auf das Feedback erfahrener Tandempiloten geachtet, um den hohen Anspr\u00fcchen dieser Zielgruppe gerecht zu werden. Mit drei verf\u00fcgbaren Gr\u00f6\u00dfen deckt der JOIN\u2019T5 einen beeindruckenden Gewichtsbereich von 100 kg bis 240 kg ab und ist damit \u00e4u\u00dferst vielseitig einsetzbar.<\/span><span data-ccp-props=\"{&quot;201341983&quot;:0,&quot;335559739&quot;:0,&quot;335559740&quot;:240}\">\u00a0<\/span><\/p>\n<p><span data-contrast=\"none\">Seine sicheren Starteigenschaften und das dynamisch-spa\u00dfige Flugverhalten machen den JOIN\u2019T5 zum idealen Begleiter f\u00fcr anspruchsvolle Arbeitstage. Praktische Features wie die Ohren-Anlegehilfe und die variable H\u00f6heneinstellung der Bremsrolle erleichtern zus\u00e4tzlich die Handhabung. Die robuste Konstruktion mit gezielten Verst\u00e4rkungen an besonders beanspruchten Stellen garantiert maximale Lebensdauer und bietet auch bei intensiver Nutzung langanhaltende Freude.<\/span><\/p>\n<p>JET FLAPS<br \/>\nUnsere JET FLAPS erweitern den gr\u00fcnen Bereich bei Ann\u00e4herung an den Stallpunkt, erh\u00f6hen damit erheblich die Sicherheit<br \/>\nund sorgen gleichzeitig f\u00fcr eine Verbesserung der Steigleistung.<\/p>\n<p>SHARK NOSE<br \/>\nDie Shark Nose-Technologie verbessert in Kombination mit einem entsprechenden Fl\u00fcgeldesign die Druckverteilung in der<br \/>\nSchirmkappe erheblich. Vorteile: deutlich satteres Fluggef\u00fchl und deutliches Leistungsplus vor allem beim beschleunigten Gleiten.<\/p>\n<p>RIGID FOIL<br \/>\nNylonf\u00e4den halten die Fl\u00fcgelnase sowie das Profil in Form und sorgen f\u00fcr einen konstanteren Staudruck.<br \/>\nVorteile: besseres Startverhalten und mehr Leistung.<\/p>\n<p>3D-SHAPING<br \/>\nDie exakte Berechnung der Fl\u00fcgelnase und der Einbau eines weiteren Tuchstreifens verringert die Faltenbildung in diesem<br \/>\nsensiblen Teil des Schirms. Vorteile: exakter geformte Kappe, mehr Leistung.<\/p>\n<p>MINI RIBS<br \/>\nDie Verdopplung der Zelle am Achterliek erh\u00f6ht die Formstabilit\u00e4t erheblich.<br \/>\nVorteil: Weniger Verwirbelungen verbessern die Aerodynamik und damit die Leistung..<\/p>\n<p>SAND RELEASE SYSTEM 2.0<br \/>\nDurchl\u00e4ssige \u00d6ffnungen der Profilrippen am Achterliek sorgen daf\u00fcr, dass Sand und Schmutz im Schirm automatisch zum<br \/>\nAu\u00dfenfl\u00fcgel transportiert wird und dort herausrieseln kann. Dazu befindet sich am Stabilo eine Schmutzauslass\u00f6ffnung<br \/>\nDas schont das Tuch und \u201eerleichtert\u201c die Hinterkante.<\/p>\n<p>SMART LINK SYSTEM<br \/>\nMarkierte N\u00e4hte an den Tragegurten, damit die Tragegurte korrekt und unverdreht eingeh\u00e4ngt werden.<br \/>\nrot = links; blau = rechts<\/p>\n<h4 class=\"et_pb_module_header\">Dein JOIN&#8217;T5 Paket<\/h4>\n<div class=\"et_pb_blurb_description\">\n<div class=\"et_pb_all_tabs\">\n<ul>\n<li>\n<ul>\n<li>1x Kompressionsinnenpacksack<\/li>\n<li>1x Tragegurtschutzh\u00fclle<\/li>\n<li>1x Kompressionsband<\/li>\n<li>1x Basic Guide<\/li>\n<li>1x Multifunktionstuch<\/li>\n<\/ul>\n<\/li>\n<\/ul>\n<\/div>\n<\/div>\n<\/div>\n<\/div>\n<\/div>\n<p>Mehr<a href=\"https:\/\/skywalk.info\/de\/project\/joint5\/\" target=\"_blank\" rel=\"noopener noreferrer\"> Infos<\/a><\/p>\n<p>Falls dieser Artikel nicht an Lager ist, wird er f\u00fcr dich bestellt. Im Normalfall 1-2 Wochen. Lieferfrist auf Anfrage.<\/p>\n<\/div>\n<\/div>\n<\/div>\n","protected":false},"featured_media":17726,"comment_status":"closed","ping_status":"closed","template":"","meta":[],"product_brand":[],"product_cat":[86],"product_tag":[917,1295,90],"class_list":{"0":"post-9571","1":"product","2":"type-product","3":"status-publish","4":"has-post-thumbnail","6":"product_cat-gleitschirme","7":"product_tag-gleitschirm","8":"product_tag-leichtschirm","9":"product_tag-verkaufsartikel","10":"product_shipping_class-priority-10kg-de","12":"first","13":"instock","14":"sale","15":"shipping-taxable","16":"purchasable","17":"product-type-variable"},"yoast_head":"<!-- This site is optimized with the Yoast SEO Premium plugin v26.1 (Yoast SEO v27.3) - https:\/\/yoast.com\/product\/yoast-seo-premium-wordpress\/ -->\n<title>Skywalk Joint 5 EN-B | Gleitschirmschule Thun, Bern, Interlaken<\/title>\n<meta name=\"description\" content=\"Der ultimative Partner um zu weit in die L\u00fcfte zu steigen. Erh\u00e4ltlich in zwei verschiedenen Farben und drei Gr\u00f6ssen.\" \/>\n<meta name=\"robots\" content=\"index, follow, max-snippet:-1, max-image-preview:large, max-video-preview:-1\" \/>\n<link rel=\"canonical\" href=\"https:\/\/swissgliders.ch\/de\/produkt\/skywalk-joint5\/\" \/>\n<meta property=\"og:locale\" content=\"de_DE\" \/>\n<meta property=\"og:type\" content=\"article\" \/>\n<meta property=\"og:title\" content=\"Skywalk Joint 5 EN-B\" \/>\n<meta property=\"og:description\" content=\"Der ultimative Partner um zu weit in die L\u00fcfte zu steigen. Erh\u00e4ltlich in zwei verschiedenen Farben und drei Gr\u00f6ssen.\" \/>\n<meta property=\"og:url\" content=\"https:\/\/swissgliders.ch\/de\/produkt\/skywalk-joint5\/\" \/>\n<meta property=\"og:site_name\" content=\"Gleitschirmschule Thun, Bern, Interlaken\" \/>\n<meta property=\"article:publisher\" content=\"https:\/\/www.facebook.com\/swissgliders\" \/>\n<meta property=\"article:modified_time\" content=\"2024-11-30T10:50:55+00:00\" \/>\n<meta property=\"og:image\" content=\"https:\/\/swissgliders.ch\/wp-content\/uploads\/2022\/11\/JOINT5-Gallery-DSF1820.jpg\" \/>\n\t<meta property=\"og:image:width\" content=\"2000\" \/>\n\t<meta property=\"og:image:height\" content=\"1500\" \/>\n\t<meta property=\"og:image:type\" content=\"image\/jpeg\" \/>\n<meta name=\"twitter:card\" content=\"summary_large_image\" \/>\n<meta name=\"twitter:site\" content=\"@Swissgliders\" \/>\n<meta name=\"twitter:label1\" content=\"Verf\u00fcgbarkeit\" \/>\n\t<meta name=\"twitter:data1\" content=\"Auf Lager\" \/>\n<script type=\"application\/ld+json\" class=\"yoast-schema-graph\">{\"@context\":\"https:\\\/\\\/schema.org\",\"@graph\":[{\"@type\":\"WebPage\",\"@id\":\"https:\\\/\\\/swissgliders.ch\\\/de\\\/produkt\\\/skywalk-joint5\\\/\",\"url\":\"https:\\\/\\\/swissgliders.ch\\\/de\\\/produkt\\\/skywalk-joint5\\\/\",\"name\":\"Skywalk Joint 5 EN-B | Gleitschirmschule Thun, Bern, Interlaken\",\"isPartOf\":{\"@id\":\"https:\\\/\\\/swissgliders.ch\\\/de\\\/#website\"},\"primaryImageOfPage\":{\"@id\":\"https:\\\/\\\/swissgliders.ch\\\/de\\\/produkt\\\/skywalk-joint5\\\/#primaryimage\"},\"image\":{\"@id\":\"https:\\\/\\\/swissgliders.ch\\\/de\\\/produkt\\\/skywalk-joint5\\\/#primaryimage\"},\"thumbnailUrl\":\"https:\\\/\\\/swissgliders.ch\\\/wp-content\\\/uploads\\\/2022\\\/11\\\/JOINT5-Gallery-DSF1820.jpg\",\"datePublished\":\"2022-11-12T16:26:16+00:00\",\"dateModified\":\"2024-11-30T10:50:55+00:00\",\"description\":\"Der ultimative Partner um zu weit in die L\u00fcfte zu steigen. Erh\u00e4ltlich in zwei verschiedenen Farben und drei Gr\u00f6ssen.\",\"breadcrumb\":{\"@id\":\"https:\\\/\\\/swissgliders.ch\\\/de\\\/produkt\\\/skywalk-joint5\\\/#breadcrumb\"},\"inLanguage\":\"de\",\"potentialAction\":[{\"@type\":\"ReadAction\",\"target\":[\"https:\\\/\\\/swissgliders.ch\\\/de\\\/produkt\\\/skywalk-joint5\\\/\"]}]},{\"@type\":\"ImageObject\",\"inLanguage\":\"de\",\"@id\":\"https:\\\/\\\/swissgliders.ch\\\/de\\\/produkt\\\/skywalk-joint5\\\/#primaryimage\",\"url\":\"https:\\\/\\\/swissgliders.ch\\\/wp-content\\\/uploads\\\/2022\\\/11\\\/JOINT5-Gallery-DSF1820.jpg\",\"contentUrl\":\"https:\\\/\\\/swissgliders.ch\\\/wp-content\\\/uploads\\\/2022\\\/11\\\/JOINT5-Gallery-DSF1820.jpg\",\"width\":2000,\"height\":1500,\"caption\":\"skywalk-joint5-2\"},{\"@type\":\"BreadcrumbList\",\"@id\":\"https:\\\/\\\/swissgliders.ch\\\/de\\\/produkt\\\/skywalk-joint5\\\/#breadcrumb\",\"itemListElement\":[{\"@type\":\"ListItem\",\"position\":1,\"name\":\"Startseite\",\"item\":\"https:\\\/\\\/swissgliders.ch\\\/de\\\/willkommen\\\/\"},{\"@type\":\"ListItem\",\"position\":2,\"name\":\"Gleitschirm Shop\",\"item\":\"https:\\\/\\\/swissgliders.ch\\\/de\\\/gleitschirm-shop\\\/\"},{\"@type\":\"ListItem\",\"position\":3,\"name\":\"Skywalk Joint 5 EN-B\"}]},{\"@type\":\"WebSite\",\"@id\":\"https:\\\/\\\/swissgliders.ch\\\/de\\\/#website\",\"url\":\"https:\\\/\\\/swissgliders.ch\\\/de\\\/\",\"name\":\"Gleitschirmschule Thun, Bern, Interlaken\",\"description\":\"Gleitschirmschule Thun, Bern, Interlaken\",\"publisher\":{\"@id\":\"https:\\\/\\\/swissgliders.ch\\\/de\\\/#organization\"},\"potentialAction\":[{\"@type\":\"SearchAction\",\"target\":{\"@type\":\"EntryPoint\",\"urlTemplate\":\"https:\\\/\\\/swissgliders.ch\\\/de\\\/?s={search_term_string}\"},\"query-input\":{\"@type\":\"PropertyValueSpecification\",\"valueRequired\":true,\"valueName\":\"search_term_string\"}}],\"inLanguage\":\"de\"},{\"@type\":\"Organization\",\"@id\":\"https:\\\/\\\/swissgliders.ch\\\/de\\\/#organization\",\"name\":\"Swissgliders Gleitschirmflugschule Thun\",\"url\":\"https:\\\/\\\/swissgliders.ch\\\/de\\\/\",\"logo\":{\"@type\":\"ImageObject\",\"inLanguage\":\"de\",\"@id\":\"https:\\\/\\\/swissgliders.ch\\\/de\\\/#\\\/schema\\\/logo\\\/image\\\/\",\"url\":\"https:\\\/\\\/swissgliders.ch\\\/wp-content\\\/uploads\\\/2019\\\/12\\\/swissgliders-logo-rgb-square-L-no-ch-01.png\",\"contentUrl\":\"https:\\\/\\\/swissgliders.ch\\\/wp-content\\\/uploads\\\/2019\\\/12\\\/swissgliders-logo-rgb-square-L-no-ch-01.png\",\"width\":2500,\"height\":2500,\"caption\":\"Swissgliders Gleitschirmflugschule Thun\"},\"image\":{\"@id\":\"https:\\\/\\\/swissgliders.ch\\\/de\\\/#\\\/schema\\\/logo\\\/image\\\/\"},\"sameAs\":[\"https:\\\/\\\/www.facebook.com\\\/swissgliders\",\"https:\\\/\\\/x.com\\\/Swissgliders\",\"https:\\\/\\\/www.instagram.com\\\/swissgliders\\\/\",\"https:\\\/\\\/www.youtube.com\\\/channel\\\/UCMCtGdepy9vBhrhX3V_oJOA\"],\"hasMerchantReturnPolicy\":{\"@type\":\"MerchantReturnPolicy\",\"merchantReturnLink\":\"https:\\\/\\\/swissgliders.ch\\\/de\\\/allgemeine-geschaftsbedingungen\\\/\"}}]}<\/script>\n<meta property=\"og:availability\" content=\"instock\" \/>\n<meta property=\"product:availability\" content=\"instock\" \/>\n<meta property=\"product:condition\" content=\"new\" \/>\n<!-- \/ Yoast SEO Premium plugin. -->","yoast_head_json":{"title":"Skywalk Joint 5 EN-B | Gleitschirmschule Thun, Bern, Interlaken","description":"Der ultimative Partner um zu weit in die L\u00fcfte zu steigen. Erh\u00e4ltlich in zwei verschiedenen Farben und drei Gr\u00f6ssen.","robots":{"index":"index","follow":"follow","max-snippet":"max-snippet:-1","max-image-preview":"max-image-preview:large","max-video-preview":"max-video-preview:-1"},"canonical":"https:\/\/swissgliders.ch\/de\/produkt\/skywalk-joint5\/","og_locale":"de_DE","og_type":"article","og_title":"Skywalk Joint 5 EN-B","og_description":"Der ultimative Partner um zu weit in die L\u00fcfte zu steigen. Erh\u00e4ltlich in zwei verschiedenen Farben und drei Gr\u00f6ssen.","og_url":"https:\/\/swissgliders.ch\/de\/produkt\/skywalk-joint5\/","og_site_name":"Gleitschirmschule Thun, Bern, Interlaken","article_publisher":"https:\/\/www.facebook.com\/swissgliders","article_modified_time":"2024-11-30T10:50:55+00:00","og_image":[{"width":2000,"height":1500,"url":"https:\/\/swissgliders.ch\/wp-content\/uploads\/2022\/11\/JOINT5-Gallery-DSF1820.jpg","type":"image\/jpeg"}],"twitter_card":"summary_large_image","twitter_site":"@Swissgliders","twitter_misc":{"Verf\u00fcgbarkeit":"Auf Lager"},"schema":{"@context":"https:\/\/schema.org","@graph":[{"@type":"WebPage","@id":"https:\/\/swissgliders.ch\/de\/produkt\/skywalk-joint5\/","url":"https:\/\/swissgliders.ch\/de\/produkt\/skywalk-joint5\/","name":"Skywalk Joint 5 EN-B | Gleitschirmschule Thun, Bern, Interlaken","isPartOf":{"@id":"https:\/\/swissgliders.ch\/de\/#website"},"primaryImageOfPage":{"@id":"https:\/\/swissgliders.ch\/de\/produkt\/skywalk-joint5\/#primaryimage"},"image":{"@id":"https:\/\/swissgliders.ch\/de\/produkt\/skywalk-joint5\/#primaryimage"},"thumbnailUrl":"https:\/\/swissgliders.ch\/wp-content\/uploads\/2022\/11\/JOINT5-Gallery-DSF1820.jpg","datePublished":"2022-11-12T16:26:16+00:00","dateModified":"2024-11-30T10:50:55+00:00","description":"Der ultimative Partner um zu weit in die L\u00fcfte zu steigen. Erh\u00e4ltlich in zwei verschiedenen Farben und drei Gr\u00f6ssen.","breadcrumb":{"@id":"https:\/\/swissgliders.ch\/de\/produkt\/skywalk-joint5\/#breadcrumb"},"inLanguage":"de","potentialAction":[{"@type":"ReadAction","target":["https:\/\/swissgliders.ch\/de\/produkt\/skywalk-joint5\/"]}]},{"@type":"ImageObject","inLanguage":"de","@id":"https:\/\/swissgliders.ch\/de\/produkt\/skywalk-joint5\/#primaryimage","url":"https:\/\/swissgliders.ch\/wp-content\/uploads\/2022\/11\/JOINT5-Gallery-DSF1820.jpg","contentUrl":"https:\/\/swissgliders.ch\/wp-content\/uploads\/2022\/11\/JOINT5-Gallery-DSF1820.jpg","width":2000,"height":1500,"caption":"skywalk-joint5-2"},{"@type":"BreadcrumbList","@id":"https:\/\/swissgliders.ch\/de\/produkt\/skywalk-joint5\/#breadcrumb","itemListElement":[{"@type":"ListItem","position":1,"name":"Startseite","item":"https:\/\/swissgliders.ch\/de\/willkommen\/"},{"@type":"ListItem","position":2,"name":"Gleitschirm Shop","item":"https:\/\/swissgliders.ch\/de\/gleitschirm-shop\/"},{"@type":"ListItem","position":3,"name":"Skywalk Joint 5 EN-B"}]},{"@type":"WebSite","@id":"https:\/\/swissgliders.ch\/de\/#website","url":"https:\/\/swissgliders.ch\/de\/","name":"Gleitschirmschule Thun, Bern, Interlaken","description":"Gleitschirmschule Thun, Bern, Interlaken","publisher":{"@id":"https:\/\/swissgliders.ch\/de\/#organization"},"potentialAction":[{"@type":"SearchAction","target":{"@type":"EntryPoint","urlTemplate":"https:\/\/swissgliders.ch\/de\/?s={search_term_string}"},"query-input":{"@type":"PropertyValueSpecification","valueRequired":true,"valueName":"search_term_string"}}],"inLanguage":"de"},{"@type":"Organization","@id":"https:\/\/swissgliders.ch\/de\/#organization","name":"Swissgliders Gleitschirmflugschule Thun","url":"https:\/\/swissgliders.ch\/de\/","logo":{"@type":"ImageObject","inLanguage":"de","@id":"https:\/\/swissgliders.ch\/de\/#\/schema\/logo\/image\/","url":"https:\/\/swissgliders.ch\/wp-content\/uploads\/2019\/12\/swissgliders-logo-rgb-square-L-no-ch-01.png","contentUrl":"https:\/\/swissgliders.ch\/wp-content\/uploads\/2019\/12\/swissgliders-logo-rgb-square-L-no-ch-01.png","width":2500,"height":2500,"caption":"Swissgliders Gleitschirmflugschule Thun"},"image":{"@id":"https:\/\/swissgliders.ch\/de\/#\/schema\/logo\/image\/"},"sameAs":["https:\/\/www.facebook.com\/swissgliders","https:\/\/x.com\/Swissgliders","https:\/\/www.instagram.com\/swissgliders\/","https:\/\/www.youtube.com\/channel\/UCMCtGdepy9vBhrhX3V_oJOA"],"hasMerchantReturnPolicy":{"@type":"MerchantReturnPolicy","merchantReturnLink":"https:\/\/swissgliders.ch\/de\/allgemeine-geschaftsbedingungen\/"}}]},"og_availability":"instock","product_availability":"instock","product_condition":"new"},"_links":{"self":[{"href":"https:\/\/swissgliders.ch\/de\/wp-json\/wp\/v2\/product\/9571","targetHints":{"allow":["GET"]}}],"collection":[{"href":"https:\/\/swissgliders.ch\/de\/wp-json\/wp\/v2\/product"}],"about":[{"href":"https:\/\/swissgliders.ch\/de\/wp-json\/wp\/v2\/types\/product"}],"replies":[{"embeddable":true,"href":"https:\/\/swissgliders.ch\/de\/wp-json\/wp\/v2\/comments?post=9571"}],"wp:featuredmedia":[{"embeddable":true,"href":"https:\/\/swissgliders.ch\/de\/wp-json\/wp\/v2\/media\/17726"}],"wp:attachment":[{"href":"https:\/\/swissgliders.ch\/de\/wp-json\/wp\/v2\/media?parent=9571"}],"wp:term":[{"taxonomy":"product_brand","embeddable":true,"href":"https:\/\/swissgliders.ch\/de\/wp-json\/wp\/v2\/product_brand?post=9571"},{"taxonomy":"product_cat","embeddable":true,"href":"https:\/\/swissgliders.ch\/de\/wp-json\/wp\/v2\/product_cat?post=9571"},{"taxonomy":"product_tag","embeddable":true,"href":"https:\/\/swissgliders.ch\/de\/wp-json\/wp\/v2\/product_tag?post=9571"}],"curies":[{"name":"wp","href":"https:\/\/api.w.org\/{rel}","templated":true}]}}