{"id":9850,"date":"2023-01-09T18:48:40","date_gmt":"2023-01-09T17:48:40","guid":{"rendered":"https:\/\/swissgliders.ch\/?post_type=product&#038;p=9850"},"modified":"2025-12-08T11:37:51","modified_gmt":"2025-12-08T10:37:51","slug":"niviuk-expe-race","status":"publish","type":"product","link":"https:\/\/swissgliders.ch\/de\/produkt\/niviuk-expe-race\/","title":{"rendered":"Niviuk Expe Race"},"content":{"rendered":"<p>Ein ultraleichter Packsack, der dich auf deinen Hike &amp; Fly-Wettbewerben begleitet.<\/p>\n<p>Dieser Rucksack wurde speziell f\u00fcr die X-Alps von Tanguy Renaud-Goud entwickelt, daf\u00fcr ist er viele, viele Stunden damit gelaufen und hat unz\u00e4hlige Gipfel bestiegen.<\/p>\n<p>\u2713 Wasserabweisende Materialien.<br \/>\n\u2713 Wasserdichte Rei\u00dfverschl\u00fcsse.<br \/>\n\u2713 Gr\u00f6\u00dfenverstellbar auf gew\u00fcnschtes Volumen.<br \/>\n\u2713 Toptasche mit Rei\u00dfverschluss f\u00fcr Kleinigkeiten.<br \/>\n\u2713 Vorbereitung f\u00fcr Trinksystem.<br \/>\n\u2713 Verstellbare Brust- und Schultergurte.<br \/>\n\u2713 Klettverschlusstaschen im H\u00fcftgurt.<br \/>\n\u2713 Gro\u00dfe Seitentaschen.<br \/>\n\u2713 Verstellbare Befestigungen f\u00fcr die Kletterausr\u00fcstung.<br \/>\n\u2713 Aufdruck orange und blau.<br \/>\n\u2713 NK-Logo orange klein<\/p>\n<p>Mehr <a href=\"https:\/\/niviuk.com\/de\/expe-race\" target=\"_blank\" rel=\"noopener noreferrer\">Info<\/a><\/p>\n<p>Falls dieser Artikel nicht an Lager ist, wird er f\u00fcr dich bestellt. Lieferfrist auf Anfrage.<\/p>\n","protected":false},"excerpt":{"rendered":"<p>Ein ultraleichter Packsack, der dich auf deinen Hike &amp; Fly-Wettbewerben begleitet.<\/p>\n<p>Dieser Rucksack wurde speziell f\u00fcr die X-Alps von Tanguy Renaud-Goud entwickelt, daf\u00fcr ist er viele, viele Stunden damit gelaufen und hat unz\u00e4hlige Gipfel bestiegen.<\/p>\n<p>\u2713 Wasserabweisende Materialien.<br \/>\n\u2713 Wasserdichte Rei\u00dfverschl\u00fcsse.<br \/>\n\u2713 Gr\u00f6\u00dfenverstellbar auf gew\u00fcnschtes Volumen.<br \/>\n\u2713 Toptasche mit Rei\u00dfverschluss f\u00fcr Kleinigkeiten.<br \/>\n\u2713 Vorbereitung f\u00fcr Trinksystem.<br \/>\n\u2713 Verstellbare Brust- und Schultergurte.<br \/>\n\u2713 Klettverschlusstaschen im H\u00fcftgurt.<br \/>\n\u2713 Gro\u00dfe Seitentaschen.<br \/>\n\u2713 Verstellbare Befestigungen f\u00fcr die Kletterausr\u00fcstung.<br \/>\n\u2713 Aufdruck orange und blau.<br \/>\n\u2713 NK-Logo orange klein<\/p>\n<p>Mehr <a href=\"https:\/\/niviuk.com\/de\/expe-race\" target=\"_blank\" rel=\"noopener noreferrer\">Info<\/a><\/p>\n<p>Falls dieser Artikel nicht an Lager ist, wird er f\u00fcr dich bestellt. Lieferfrist auf Anfrage.<\/p>\n","protected":false},"featured_media":9854,"comment_status":"closed","ping_status":"closed","template":"","meta":[],"product_brand":[],"product_cat":[2072],"product_tag":[2210,90],"class_list":{"0":"post-9850","1":"product","2":"type-product","3":"status-publish","4":"has-post-thumbnail","6":"product_cat-gleitschirm-rucksaecke","7":"product_tag-rucksack","8":"product_tag-verkaufsartikel","9":"product_shipping_class-priority-2kg-de","11":"first","12":"instock","13":"sale","14":"shipping-taxable","15":"purchasable","16":"product-type-variable"},"yoast_head":"<!-- This site is optimized with the Yoast SEO Premium plugin v26.1 (Yoast SEO v27.3) - https:\/\/yoast.com\/product\/yoast-seo-premium-wordpress\/ -->\n<title>Niviuk Expe Race | Gleitschirmschule Thun, Bern, Interlaken<\/title>\n<meta name=\"description\" content=\"Ein ultraleichter Packsack, der dich auf deinen Hike &amp; Fly-Wettbewerben begleitet.Dieser Rucksack wurde speziell f\u00fcr die X-Alps von Tanguy Renaud-Goud entwickelt, daf\u00fcr ist er viele, viele Stunden damit gelaufen und hat unz\u00e4hlige Gipfel bestiegen.\" \/>\n<meta name=\"robots\" content=\"index, follow, max-snippet:-1, max-image-preview:large, max-video-preview:-1\" \/>\n<link rel=\"canonical\" href=\"https:\/\/swissgliders.ch\/de\/produkt\/niviuk-expe-race\/\" \/>\n<meta property=\"og:locale\" content=\"de_DE\" \/>\n<meta property=\"og:type\" content=\"article\" \/>\n<meta property=\"og:title\" content=\"Niviuk Expe Race\" \/>\n<meta property=\"og:description\" content=\"Ein ultraleichter Packsack, der dich auf deinen Hike &amp; Fly-Wettbewerben begleitet.Dieser Rucksack wurde speziell f\u00fcr die X-Alps von Tanguy Renaud-Goud entwickelt, daf\u00fcr ist er viele, viele Stunden damit gelaufen und hat unz\u00e4hlige Gipfel bestiegen.\" \/>\n<meta property=\"og:url\" content=\"https:\/\/swissgliders.ch\/de\/produkt\/niviuk-expe-race\/\" \/>\n<meta property=\"og:site_name\" content=\"Gleitschirmschule Thun, Bern, Interlaken\" \/>\n<meta property=\"article:publisher\" content=\"https:\/\/www.facebook.com\/swissgliders\" \/>\n<meta property=\"article:modified_time\" content=\"2025-12-08T10:37:51+00:00\" \/>\n<meta property=\"og:image\" content=\"https:\/\/swissgliders.ch\/wp-content\/uploads\/2023\/01\/Niviuk_Packsacl_Expe-Race-1.png\" \/>\n\t<meta property=\"og:image:width\" content=\"710\" \/>\n\t<meta property=\"og:image:height\" content=\"980\" \/>\n\t<meta property=\"og:image:type\" content=\"image\/png\" \/>\n<meta name=\"twitter:card\" content=\"summary_large_image\" \/>\n<meta name=\"twitter:site\" content=\"@Swissgliders\" \/>\n<meta name=\"twitter:label1\" content=\"Verf\u00fcgbarkeit\" \/>\n\t<meta name=\"twitter:data1\" content=\"Auf Lager\" \/>\n<script type=\"application\/ld+json\" class=\"yoast-schema-graph\">{\"@context\":\"https:\\\/\\\/schema.org\",\"@graph\":[{\"@type\":\"WebPage\",\"@id\":\"https:\\\/\\\/swissgliders.ch\\\/de\\\/produkt\\\/niviuk-expe-race\\\/\",\"url\":\"https:\\\/\\\/swissgliders.ch\\\/de\\\/produkt\\\/niviuk-expe-race\\\/\",\"name\":\"Niviuk Expe Race | Gleitschirmschule Thun, Bern, Interlaken\",\"isPartOf\":{\"@id\":\"https:\\\/\\\/swissgliders.ch\\\/de\\\/#website\"},\"primaryImageOfPage\":{\"@id\":\"https:\\\/\\\/swissgliders.ch\\\/de\\\/produkt\\\/niviuk-expe-race\\\/#primaryimage\"},\"image\":{\"@id\":\"https:\\\/\\\/swissgliders.ch\\\/de\\\/produkt\\\/niviuk-expe-race\\\/#primaryimage\"},\"thumbnailUrl\":\"https:\\\/\\\/swissgliders.ch\\\/wp-content\\\/uploads\\\/2023\\\/01\\\/Niviuk_Packsacl_Expe-Race-1.png\",\"datePublished\":\"2023-01-09T17:48:40+00:00\",\"dateModified\":\"2025-12-08T10:37:51+00:00\",\"description\":\"Ein ultraleichter Packsack, der dich auf deinen Hike & Fly-Wettbewerben begleitet.Dieser Rucksack wurde speziell f\u00fcr die X-Alps von Tanguy Renaud-Goud entwickelt, daf\u00fcr ist er viele, viele Stunden damit gelaufen und hat unz\u00e4hlige Gipfel bestiegen.\",\"breadcrumb\":{\"@id\":\"https:\\\/\\\/swissgliders.ch\\\/de\\\/produkt\\\/niviuk-expe-race\\\/#breadcrumb\"},\"inLanguage\":\"de\",\"potentialAction\":[{\"@type\":\"ReadAction\",\"target\":[\"https:\\\/\\\/swissgliders.ch\\\/de\\\/produkt\\\/niviuk-expe-race\\\/\"]}]},{\"@type\":\"ImageObject\",\"inLanguage\":\"de\",\"@id\":\"https:\\\/\\\/swissgliders.ch\\\/de\\\/produkt\\\/niviuk-expe-race\\\/#primaryimage\",\"url\":\"https:\\\/\\\/swissgliders.ch\\\/wp-content\\\/uploads\\\/2023\\\/01\\\/Niviuk_Packsacl_Expe-Race-1.png\",\"contentUrl\":\"https:\\\/\\\/swissgliders.ch\\\/wp-content\\\/uploads\\\/2023\\\/01\\\/Niviuk_Packsacl_Expe-Race-1.png\",\"width\":710,\"height\":980,\"caption\":\"Niviuk_Packsacl_Expe-Race--1\"},{\"@type\":\"BreadcrumbList\",\"@id\":\"https:\\\/\\\/swissgliders.ch\\\/de\\\/produkt\\\/niviuk-expe-race\\\/#breadcrumb\",\"itemListElement\":[{\"@type\":\"ListItem\",\"position\":1,\"name\":\"Startseite\",\"item\":\"https:\\\/\\\/swissgliders.ch\\\/de\\\/willkommen\\\/\"},{\"@type\":\"ListItem\",\"position\":2,\"name\":\"Gleitschirm Shop\",\"item\":\"https:\\\/\\\/swissgliders.ch\\\/de\\\/gleitschirm-shop\\\/\"},{\"@type\":\"ListItem\",\"position\":3,\"name\":\"Niviuk Expe Race\"}]},{\"@type\":\"WebSite\",\"@id\":\"https:\\\/\\\/swissgliders.ch\\\/de\\\/#website\",\"url\":\"https:\\\/\\\/swissgliders.ch\\\/de\\\/\",\"name\":\"Gleitschirmschule Thun, Bern, Interlaken\",\"description\":\"Gleitschirmschule Thun, Bern, Interlaken\",\"publisher\":{\"@id\":\"https:\\\/\\\/swissgliders.ch\\\/de\\\/#organization\"},\"potentialAction\":[{\"@type\":\"SearchAction\",\"target\":{\"@type\":\"EntryPoint\",\"urlTemplate\":\"https:\\\/\\\/swissgliders.ch\\\/de\\\/?s={search_term_string}\"},\"query-input\":{\"@type\":\"PropertyValueSpecification\",\"valueRequired\":true,\"valueName\":\"search_term_string\"}}],\"inLanguage\":\"de\"},{\"@type\":\"Organization\",\"@id\":\"https:\\\/\\\/swissgliders.ch\\\/de\\\/#organization\",\"name\":\"Swissgliders Gleitschirmflugschule Thun\",\"url\":\"https:\\\/\\\/swissgliders.ch\\\/de\\\/\",\"logo\":{\"@type\":\"ImageObject\",\"inLanguage\":\"de\",\"@id\":\"https:\\\/\\\/swissgliders.ch\\\/de\\\/#\\\/schema\\\/logo\\\/image\\\/\",\"url\":\"https:\\\/\\\/swissgliders.ch\\\/wp-content\\\/uploads\\\/2019\\\/12\\\/swissgliders-logo-rgb-square-L-no-ch-01.png\",\"contentUrl\":\"https:\\\/\\\/swissgliders.ch\\\/wp-content\\\/uploads\\\/2019\\\/12\\\/swissgliders-logo-rgb-square-L-no-ch-01.png\",\"width\":2500,\"height\":2500,\"caption\":\"Swissgliders Gleitschirmflugschule Thun\"},\"image\":{\"@id\":\"https:\\\/\\\/swissgliders.ch\\\/de\\\/#\\\/schema\\\/logo\\\/image\\\/\"},\"sameAs\":[\"https:\\\/\\\/www.facebook.com\\\/swissgliders\",\"https:\\\/\\\/x.com\\\/Swissgliders\",\"https:\\\/\\\/www.instagram.com\\\/swissgliders\\\/\",\"https:\\\/\\\/www.youtube.com\\\/channel\\\/UCMCtGdepy9vBhrhX3V_oJOA\"],\"hasMerchantReturnPolicy\":{\"@type\":\"MerchantReturnPolicy\",\"merchantReturnLink\":\"https:\\\/\\\/swissgliders.ch\\\/de\\\/allgemeine-geschaftsbedingungen\\\/\"}}]}<\/script>\n<meta property=\"og:availability\" content=\"instock\" \/>\n<meta property=\"product:availability\" content=\"instock\" \/>\n<meta property=\"product:condition\" content=\"new\" \/>\n<!-- \/ Yoast SEO Premium plugin. -->","yoast_head_json":{"title":"Niviuk Expe Race | Gleitschirmschule Thun, Bern, Interlaken","description":"Ein ultraleichter Packsack, der dich auf deinen Hike & Fly-Wettbewerben begleitet.Dieser Rucksack wurde speziell f\u00fcr die X-Alps von Tanguy Renaud-Goud entwickelt, daf\u00fcr ist er viele, viele Stunden damit gelaufen und hat unz\u00e4hlige Gipfel bestiegen.","robots":{"index":"index","follow":"follow","max-snippet":"max-snippet:-1","max-image-preview":"max-image-preview:large","max-video-preview":"max-video-preview:-1"},"canonical":"https:\/\/swissgliders.ch\/de\/produkt\/niviuk-expe-race\/","og_locale":"de_DE","og_type":"article","og_title":"Niviuk Expe Race","og_description":"Ein ultraleichter Packsack, der dich auf deinen Hike & Fly-Wettbewerben begleitet.Dieser Rucksack wurde speziell f\u00fcr die X-Alps von Tanguy Renaud-Goud entwickelt, daf\u00fcr ist er viele, viele Stunden damit gelaufen und hat unz\u00e4hlige Gipfel bestiegen.","og_url":"https:\/\/swissgliders.ch\/de\/produkt\/niviuk-expe-race\/","og_site_name":"Gleitschirmschule Thun, Bern, Interlaken","article_publisher":"https:\/\/www.facebook.com\/swissgliders","article_modified_time":"2025-12-08T10:37:51+00:00","og_image":[{"width":710,"height":980,"url":"https:\/\/swissgliders.ch\/wp-content\/uploads\/2023\/01\/Niviuk_Packsacl_Expe-Race-1.png","type":"image\/png"}],"twitter_card":"summary_large_image","twitter_site":"@Swissgliders","twitter_misc":{"Verf\u00fcgbarkeit":"Auf Lager"},"schema":{"@context":"https:\/\/schema.org","@graph":[{"@type":"WebPage","@id":"https:\/\/swissgliders.ch\/de\/produkt\/niviuk-expe-race\/","url":"https:\/\/swissgliders.ch\/de\/produkt\/niviuk-expe-race\/","name":"Niviuk Expe Race | Gleitschirmschule Thun, Bern, Interlaken","isPartOf":{"@id":"https:\/\/swissgliders.ch\/de\/#website"},"primaryImageOfPage":{"@id":"https:\/\/swissgliders.ch\/de\/produkt\/niviuk-expe-race\/#primaryimage"},"image":{"@id":"https:\/\/swissgliders.ch\/de\/produkt\/niviuk-expe-race\/#primaryimage"},"thumbnailUrl":"https:\/\/swissgliders.ch\/wp-content\/uploads\/2023\/01\/Niviuk_Packsacl_Expe-Race-1.png","datePublished":"2023-01-09T17:48:40+00:00","dateModified":"2025-12-08T10:37:51+00:00","description":"Ein ultraleichter Packsack, der dich auf deinen Hike & Fly-Wettbewerben begleitet.Dieser Rucksack wurde speziell f\u00fcr die X-Alps von Tanguy Renaud-Goud entwickelt, daf\u00fcr ist er viele, viele Stunden damit gelaufen und hat unz\u00e4hlige Gipfel bestiegen.","breadcrumb":{"@id":"https:\/\/swissgliders.ch\/de\/produkt\/niviuk-expe-race\/#breadcrumb"},"inLanguage":"de","potentialAction":[{"@type":"ReadAction","target":["https:\/\/swissgliders.ch\/de\/produkt\/niviuk-expe-race\/"]}]},{"@type":"ImageObject","inLanguage":"de","@id":"https:\/\/swissgliders.ch\/de\/produkt\/niviuk-expe-race\/#primaryimage","url":"https:\/\/swissgliders.ch\/wp-content\/uploads\/2023\/01\/Niviuk_Packsacl_Expe-Race-1.png","contentUrl":"https:\/\/swissgliders.ch\/wp-content\/uploads\/2023\/01\/Niviuk_Packsacl_Expe-Race-1.png","width":710,"height":980,"caption":"Niviuk_Packsacl_Expe-Race--1"},{"@type":"BreadcrumbList","@id":"https:\/\/swissgliders.ch\/de\/produkt\/niviuk-expe-race\/#breadcrumb","itemListElement":[{"@type":"ListItem","position":1,"name":"Startseite","item":"https:\/\/swissgliders.ch\/de\/willkommen\/"},{"@type":"ListItem","position":2,"name":"Gleitschirm Shop","item":"https:\/\/swissgliders.ch\/de\/gleitschirm-shop\/"},{"@type":"ListItem","position":3,"name":"Niviuk Expe Race"}]},{"@type":"WebSite","@id":"https:\/\/swissgliders.ch\/de\/#website","url":"https:\/\/swissgliders.ch\/de\/","name":"Gleitschirmschule Thun, Bern, Interlaken","description":"Gleitschirmschule Thun, Bern, Interlaken","publisher":{"@id":"https:\/\/swissgliders.ch\/de\/#organization"},"potentialAction":[{"@type":"SearchAction","target":{"@type":"EntryPoint","urlTemplate":"https:\/\/swissgliders.ch\/de\/?s={search_term_string}"},"query-input":{"@type":"PropertyValueSpecification","valueRequired":true,"valueName":"search_term_string"}}],"inLanguage":"de"},{"@type":"Organization","@id":"https:\/\/swissgliders.ch\/de\/#organization","name":"Swissgliders Gleitschirmflugschule Thun","url":"https:\/\/swissgliders.ch\/de\/","logo":{"@type":"ImageObject","inLanguage":"de","@id":"https:\/\/swissgliders.ch\/de\/#\/schema\/logo\/image\/","url":"https:\/\/swissgliders.ch\/wp-content\/uploads\/2019\/12\/swissgliders-logo-rgb-square-L-no-ch-01.png","contentUrl":"https:\/\/swissgliders.ch\/wp-content\/uploads\/2019\/12\/swissgliders-logo-rgb-square-L-no-ch-01.png","width":2500,"height":2500,"caption":"Swissgliders Gleitschirmflugschule Thun"},"image":{"@id":"https:\/\/swissgliders.ch\/de\/#\/schema\/logo\/image\/"},"sameAs":["https:\/\/www.facebook.com\/swissgliders","https:\/\/x.com\/Swissgliders","https:\/\/www.instagram.com\/swissgliders\/","https:\/\/www.youtube.com\/channel\/UCMCtGdepy9vBhrhX3V_oJOA"],"hasMerchantReturnPolicy":{"@type":"MerchantReturnPolicy","merchantReturnLink":"https:\/\/swissgliders.ch\/de\/allgemeine-geschaftsbedingungen\/"}}]},"og_availability":"instock","product_availability":"instock","product_condition":"new"},"_links":{"self":[{"href":"https:\/\/swissgliders.ch\/de\/wp-json\/wp\/v2\/product\/9850","targetHints":{"allow":["GET"]}}],"collection":[{"href":"https:\/\/swissgliders.ch\/de\/wp-json\/wp\/v2\/product"}],"about":[{"href":"https:\/\/swissgliders.ch\/de\/wp-json\/wp\/v2\/types\/product"}],"replies":[{"embeddable":true,"href":"https:\/\/swissgliders.ch\/de\/wp-json\/wp\/v2\/comments?post=9850"}],"wp:featuredmedia":[{"embeddable":true,"href":"https:\/\/swissgliders.ch\/de\/wp-json\/wp\/v2\/media\/9854"}],"wp:attachment":[{"href":"https:\/\/swissgliders.ch\/de\/wp-json\/wp\/v2\/media?parent=9850"}],"wp:term":[{"taxonomy":"product_brand","embeddable":true,"href":"https:\/\/swissgliders.ch\/de\/wp-json\/wp\/v2\/product_brand?post=9850"},{"taxonomy":"product_cat","embeddable":true,"href":"https:\/\/swissgliders.ch\/de\/wp-json\/wp\/v2\/product_cat?post=9850"},{"taxonomy":"product_tag","embeddable":true,"href":"https:\/\/swissgliders.ch\/de\/wp-json\/wp\/v2\/product_tag?post=9850"}],"curies":[{"name":"wp","href":"https:\/\/api.w.org\/{rel}","templated":true}]}}