{"id":9913,"date":"2023-01-27T10:27:44","date_gmt":"2023-01-27T09:27:44","guid":{"rendered":"https:\/\/swissgliders.ch\/?post_type=product&#038;p=9913"},"modified":"2024-01-03T18:10:10","modified_gmt":"2024-01-03T17:10:10","slug":"pocket-guide-einfach-fliegen","status":"publish","type":"product","link":"https:\/\/swissgliders.ch\/de\/produkt\/pocket-guide-einfach-fliegen\/","title":{"rendered":"Pocket Guide Einfach Fliegen"},"content":{"rendered":"<h2>BESCHREIBUNG<\/h2>\n<p>Unser Pocket Guide ist ein idealer Begleiter f\u00fcr die Urlaubs- und Flugplanung und er ist sehr hilfreich bei der Flugvorbereitung, Gel\u00e4ndewahl, Startvorbereitung, ect. und das nicht nur f\u00fcr Fluganf\u00e4nger!<\/p>\n<p>Auf 288 Seiten enth\u00e4lt das Buch neben der Beschreibung von 25 einfachen Fluggel\u00e4nden zahlreiche Informationen und Tipps zu den wichtigsten Themen wie Flugvorbereitung, Gel\u00e4ndewahl, Startvorbereitung, Start, Flugweg, Landung, sowie erg\u00e4nzende Informationen zum Wind und zum Wetter.<\/p>\n<p>Jeder Pilot wird in diesem Buch interessante Punkte, Tipps und Informationen rund ums Gleitschirmfliegen finden, die ein Flugerlebnis noch sicherer und stressfreier gestalten.<\/p>\n<p>Ein Nachschlagewerk f\u00fcr die Tasche, das bei keinem Flug fehlen darf!<\/p>\n<p>&nbsp;<\/p>\n<p>Mehr <a href=\"https:\/\/www.cloudbase-media.de\/pocket-guide\" target=\"_blank\" rel=\"noopener noreferrer\">Info<\/a><\/p>\n<p>Lieferzeit 2-3 Tage<\/p>\n","protected":false},"excerpt":{"rendered":"<h2>BESCHREIBUNG<\/h2>\n<p>Unser Pocket Guide ist ein idealer Begleiter f\u00fcr die Urlaubs- und Flugplanung und er ist sehr hilfreich bei der Flugvorbereitung, Gel\u00e4ndewahl, Startvorbereitung, ect. und das nicht nur f\u00fcr Fluganf\u00e4nger!<\/p>\n<p>Auf 288 Seiten enth\u00e4lt das Buch neben der Beschreibung von 25 einfachen Fluggel\u00e4nden zahlreiche Informationen und Tipps zu den wichtigsten Themen wie Flugvorbereitung, Gel\u00e4ndewahl, Startvorbereitung, Start, Flugweg, Landung, sowie erg\u00e4nzende Informationen zum Wind und zum Wetter.<\/p>\n<p>Jeder Pilot wird in diesem Buch interessante Punkte, Tipps und Informationen rund ums Gleitschirmfliegen finden, die ein Flugerlebnis noch sicherer und stressfreier gestalten.<\/p>\n<p>Ein Nachschlagewerk f\u00fcr die Tasche, das bei keinem Flug fehlen darf!<\/p>\n<p>&nbsp;<\/p>\n<p>Mehr <a href=\"https:\/\/www.cloudbase-media.de\/pocket-guide\" target=\"_blank\" rel=\"noopener noreferrer\">Info<\/a><\/p>\n<p>Lieferzeit 2-3 Tage<\/p>\n","protected":false},"featured_media":9915,"comment_status":"closed","ping_status":"closed","template":"","meta":[],"product_brand":[],"product_cat":[2092],"product_tag":[2208,90],"class_list":{"0":"post-9913","1":"product","2":"type-product","3":"status-publish","4":"has-post-thumbnail","6":"product_cat-gleitschirm-buecher","7":"product_tag-buecher","8":"product_tag-verkaufsartikel","9":"product_shipping_class-priority-2kg-de","11":"first","12":"instock","13":"shipping-taxable","14":"purchasable","15":"product-type-simple"},"yoast_head":"<!-- This site is optimized with the Yoast SEO Premium plugin v26.1 (Yoast SEO v27.3) - https:\/\/yoast.com\/product\/yoast-seo-premium-wordpress\/ -->\n<title>Pocket Guide Einfach Fliegen | Gleitschirmschule Thun, Bern, Interlaken<\/title>\n<meta name=\"description\" content=\"Unser Pocket Guide ist ein idealer Begleiter f\u00fcr die Urlaubs- und Flugplanung und er ist sehr hilfreich bei der Flugvorbereitung, Gel\u00e4ndewahl, Startvorbereitung, ect. und das nicht nur f\u00fcr Fluganf\u00e4nger!\" \/>\n<meta name=\"robots\" content=\"index, follow, max-snippet:-1, max-image-preview:large, max-video-preview:-1\" \/>\n<link rel=\"canonical\" href=\"https:\/\/swissgliders.ch\/de\/produkt\/pocket-guide-einfach-fliegen\/\" \/>\n<meta property=\"og:locale\" content=\"de_DE\" \/>\n<meta property=\"og:type\" content=\"article\" \/>\n<meta property=\"og:title\" content=\"Pocket Guide Einfach Fliegen\" \/>\n<meta property=\"og:description\" content=\"Unser Pocket Guide ist ein idealer Begleiter f\u00fcr die Urlaubs- und Flugplanung und er ist sehr hilfreich bei der Flugvorbereitung, Gel\u00e4ndewahl, Startvorbereitung, ect. und das nicht nur f\u00fcr Fluganf\u00e4nger!\" \/>\n<meta property=\"og:url\" content=\"https:\/\/swissgliders.ch\/de\/produkt\/pocket-guide-einfach-fliegen\/\" \/>\n<meta property=\"og:site_name\" content=\"Gleitschirmschule Thun, Bern, Interlaken\" \/>\n<meta property=\"article:publisher\" content=\"https:\/\/www.facebook.com\/swissgliders\" \/>\n<meta property=\"article:modified_time\" content=\"2024-01-03T17:10:10+00:00\" \/>\n<meta property=\"og:image\" content=\"https:\/\/swissgliders.ch\/wp-content\/uploads\/2023\/01\/Cloud-Base_Pocket-Guide.jpg\" \/>\n\t<meta property=\"og:image:width\" content=\"1418\" \/>\n\t<meta property=\"og:image:height\" content=\"2012\" \/>\n\t<meta property=\"og:image:type\" content=\"image\/jpeg\" \/>\n<meta name=\"twitter:card\" content=\"summary_large_image\" \/>\n<meta name=\"twitter:site\" content=\"@Swissgliders\" \/>\n<meta name=\"twitter:label1\" content=\"Preis\" \/>\n\t<meta name=\"twitter:data1\" content=\"&#067;&#072;&#070;&nbsp;24.80\" \/>\n\t<meta name=\"twitter:label2\" content=\"Verf\u00fcgbarkeit\" \/>\n\t<meta name=\"twitter:data2\" content=\"Auf Lager\" \/>\n<script type=\"application\/ld+json\" class=\"yoast-schema-graph\">{\"@context\":\"https:\\\/\\\/schema.org\",\"@graph\":[{\"@type\":\"WebPage\",\"@id\":\"https:\\\/\\\/swissgliders.ch\\\/de\\\/produkt\\\/pocket-guide-einfach-fliegen\\\/\",\"url\":\"https:\\\/\\\/swissgliders.ch\\\/de\\\/produkt\\\/pocket-guide-einfach-fliegen\\\/\",\"name\":\"Pocket Guide Einfach Fliegen | Gleitschirmschule Thun, Bern, Interlaken\",\"isPartOf\":{\"@id\":\"https:\\\/\\\/swissgliders.ch\\\/de\\\/#website\"},\"primaryImageOfPage\":{\"@id\":\"https:\\\/\\\/swissgliders.ch\\\/de\\\/produkt\\\/pocket-guide-einfach-fliegen\\\/#primaryimage\"},\"image\":{\"@id\":\"https:\\\/\\\/swissgliders.ch\\\/de\\\/produkt\\\/pocket-guide-einfach-fliegen\\\/#primaryimage\"},\"thumbnailUrl\":\"https:\\\/\\\/swissgliders.ch\\\/wp-content\\\/uploads\\\/2023\\\/01\\\/Cloud-Base_Pocket-Guide.jpg\",\"datePublished\":\"2023-01-27T09:27:44+00:00\",\"dateModified\":\"2024-01-03T17:10:10+00:00\",\"description\":\"Unser Pocket Guide ist ein idealer Begleiter f\u00fcr die Urlaubs- und Flugplanung und er ist sehr hilfreich bei der Flugvorbereitung, Gel\u00e4ndewahl, Startvorbereitung, ect. und das nicht nur f\u00fcr Fluganf\u00e4nger!\",\"breadcrumb\":{\"@id\":\"https:\\\/\\\/swissgliders.ch\\\/de\\\/produkt\\\/pocket-guide-einfach-fliegen\\\/#breadcrumb\"},\"inLanguage\":\"de\",\"potentialAction\":[{\"@type\":\"ReadAction\",\"target\":[\"https:\\\/\\\/swissgliders.ch\\\/de\\\/produkt\\\/pocket-guide-einfach-fliegen\\\/\"]}]},{\"@type\":\"ImageObject\",\"inLanguage\":\"de\",\"@id\":\"https:\\\/\\\/swissgliders.ch\\\/de\\\/produkt\\\/pocket-guide-einfach-fliegen\\\/#primaryimage\",\"url\":\"https:\\\/\\\/swissgliders.ch\\\/wp-content\\\/uploads\\\/2023\\\/01\\\/Cloud-Base_Pocket-Guide.jpg\",\"contentUrl\":\"https:\\\/\\\/swissgliders.ch\\\/wp-content\\\/uploads\\\/2023\\\/01\\\/Cloud-Base_Pocket-Guide.jpg\",\"width\":1418,\"height\":2012,\"caption\":\"Cloud-Base_Pocket Guide-1\"},{\"@type\":\"BreadcrumbList\",\"@id\":\"https:\\\/\\\/swissgliders.ch\\\/de\\\/produkt\\\/pocket-guide-einfach-fliegen\\\/#breadcrumb\",\"itemListElement\":[{\"@type\":\"ListItem\",\"position\":1,\"name\":\"Startseite\",\"item\":\"https:\\\/\\\/swissgliders.ch\\\/de\\\/willkommen\\\/\"},{\"@type\":\"ListItem\",\"position\":2,\"name\":\"Gleitschirm Shop\",\"item\":\"https:\\\/\\\/swissgliders.ch\\\/de\\\/gleitschirm-shop\\\/\"},{\"@type\":\"ListItem\",\"position\":3,\"name\":\"Pocket Guide Einfach Fliegen\"}]},{\"@type\":\"WebSite\",\"@id\":\"https:\\\/\\\/swissgliders.ch\\\/de\\\/#website\",\"url\":\"https:\\\/\\\/swissgliders.ch\\\/de\\\/\",\"name\":\"Gleitschirmschule Thun, Bern, Interlaken\",\"description\":\"Gleitschirmschule Thun, Bern, Interlaken\",\"publisher\":{\"@id\":\"https:\\\/\\\/swissgliders.ch\\\/de\\\/#organization\"},\"potentialAction\":[{\"@type\":\"SearchAction\",\"target\":{\"@type\":\"EntryPoint\",\"urlTemplate\":\"https:\\\/\\\/swissgliders.ch\\\/de\\\/?s={search_term_string}\"},\"query-input\":{\"@type\":\"PropertyValueSpecification\",\"valueRequired\":true,\"valueName\":\"search_term_string\"}}],\"inLanguage\":\"de\"},{\"@type\":\"Organization\",\"@id\":\"https:\\\/\\\/swissgliders.ch\\\/de\\\/#organization\",\"name\":\"Swissgliders Gleitschirmflugschule Thun\",\"url\":\"https:\\\/\\\/swissgliders.ch\\\/de\\\/\",\"logo\":{\"@type\":\"ImageObject\",\"inLanguage\":\"de\",\"@id\":\"https:\\\/\\\/swissgliders.ch\\\/de\\\/#\\\/schema\\\/logo\\\/image\\\/\",\"url\":\"https:\\\/\\\/swissgliders.ch\\\/wp-content\\\/uploads\\\/2019\\\/12\\\/swissgliders-logo-rgb-square-L-no-ch-01.png\",\"contentUrl\":\"https:\\\/\\\/swissgliders.ch\\\/wp-content\\\/uploads\\\/2019\\\/12\\\/swissgliders-logo-rgb-square-L-no-ch-01.png\",\"width\":2500,\"height\":2500,\"caption\":\"Swissgliders Gleitschirmflugschule Thun\"},\"image\":{\"@id\":\"https:\\\/\\\/swissgliders.ch\\\/de\\\/#\\\/schema\\\/logo\\\/image\\\/\"},\"sameAs\":[\"https:\\\/\\\/www.facebook.com\\\/swissgliders\",\"https:\\\/\\\/x.com\\\/Swissgliders\",\"https:\\\/\\\/www.instagram.com\\\/swissgliders\\\/\",\"https:\\\/\\\/www.youtube.com\\\/channel\\\/UCMCtGdepy9vBhrhX3V_oJOA\"],\"hasMerchantReturnPolicy\":{\"@type\":\"MerchantReturnPolicy\",\"merchantReturnLink\":\"https:\\\/\\\/swissgliders.ch\\\/de\\\/allgemeine-geschaftsbedingungen\\\/\"}}]}<\/script>\n<meta property=\"product:price:amount\" content=\"24.80\" \/>\n<meta property=\"product:price:currency\" content=\"CHF\" \/>\n<meta property=\"og:availability\" content=\"instock\" \/>\n<meta property=\"product:availability\" content=\"instock\" \/>\n<meta property=\"product:condition\" content=\"new\" \/>\n<!-- \/ Yoast SEO Premium plugin. -->","yoast_head_json":{"title":"Pocket Guide Einfach Fliegen | Gleitschirmschule Thun, Bern, Interlaken","description":"Unser Pocket Guide ist ein idealer Begleiter f\u00fcr die Urlaubs- und Flugplanung und er ist sehr hilfreich bei der Flugvorbereitung, Gel\u00e4ndewahl, Startvorbereitung, ect. und das nicht nur f\u00fcr Fluganf\u00e4nger!","robots":{"index":"index","follow":"follow","max-snippet":"max-snippet:-1","max-image-preview":"max-image-preview:large","max-video-preview":"max-video-preview:-1"},"canonical":"https:\/\/swissgliders.ch\/de\/produkt\/pocket-guide-einfach-fliegen\/","og_locale":"de_DE","og_type":"article","og_title":"Pocket Guide Einfach Fliegen","og_description":"Unser Pocket Guide ist ein idealer Begleiter f\u00fcr die Urlaubs- und Flugplanung und er ist sehr hilfreich bei der Flugvorbereitung, Gel\u00e4ndewahl, Startvorbereitung, ect. und das nicht nur f\u00fcr Fluganf\u00e4nger!","og_url":"https:\/\/swissgliders.ch\/de\/produkt\/pocket-guide-einfach-fliegen\/","og_site_name":"Gleitschirmschule Thun, Bern, Interlaken","article_publisher":"https:\/\/www.facebook.com\/swissgliders","article_modified_time":"2024-01-03T17:10:10+00:00","og_image":[{"width":1418,"height":2012,"url":"https:\/\/swissgliders.ch\/wp-content\/uploads\/2023\/01\/Cloud-Base_Pocket-Guide.jpg","type":"image\/jpeg"}],"twitter_card":"summary_large_image","twitter_site":"@Swissgliders","twitter_misc":{"Preis":"&#67;&#72;&#70;&nbsp;24.80","Verf\u00fcgbarkeit":"Auf Lager"},"schema":{"@context":"https:\/\/schema.org","@graph":[{"@type":"WebPage","@id":"https:\/\/swissgliders.ch\/de\/produkt\/pocket-guide-einfach-fliegen\/","url":"https:\/\/swissgliders.ch\/de\/produkt\/pocket-guide-einfach-fliegen\/","name":"Pocket Guide Einfach Fliegen | Gleitschirmschule Thun, Bern, Interlaken","isPartOf":{"@id":"https:\/\/swissgliders.ch\/de\/#website"},"primaryImageOfPage":{"@id":"https:\/\/swissgliders.ch\/de\/produkt\/pocket-guide-einfach-fliegen\/#primaryimage"},"image":{"@id":"https:\/\/swissgliders.ch\/de\/produkt\/pocket-guide-einfach-fliegen\/#primaryimage"},"thumbnailUrl":"https:\/\/swissgliders.ch\/wp-content\/uploads\/2023\/01\/Cloud-Base_Pocket-Guide.jpg","datePublished":"2023-01-27T09:27:44+00:00","dateModified":"2024-01-03T17:10:10+00:00","description":"Unser Pocket Guide ist ein idealer Begleiter f\u00fcr die Urlaubs- und Flugplanung und er ist sehr hilfreich bei der Flugvorbereitung, Gel\u00e4ndewahl, Startvorbereitung, ect. und das nicht nur f\u00fcr Fluganf\u00e4nger!","breadcrumb":{"@id":"https:\/\/swissgliders.ch\/de\/produkt\/pocket-guide-einfach-fliegen\/#breadcrumb"},"inLanguage":"de","potentialAction":[{"@type":"ReadAction","target":["https:\/\/swissgliders.ch\/de\/produkt\/pocket-guide-einfach-fliegen\/"]}]},{"@type":"ImageObject","inLanguage":"de","@id":"https:\/\/swissgliders.ch\/de\/produkt\/pocket-guide-einfach-fliegen\/#primaryimage","url":"https:\/\/swissgliders.ch\/wp-content\/uploads\/2023\/01\/Cloud-Base_Pocket-Guide.jpg","contentUrl":"https:\/\/swissgliders.ch\/wp-content\/uploads\/2023\/01\/Cloud-Base_Pocket-Guide.jpg","width":1418,"height":2012,"caption":"Cloud-Base_Pocket Guide-1"},{"@type":"BreadcrumbList","@id":"https:\/\/swissgliders.ch\/de\/produkt\/pocket-guide-einfach-fliegen\/#breadcrumb","itemListElement":[{"@type":"ListItem","position":1,"name":"Startseite","item":"https:\/\/swissgliders.ch\/de\/willkommen\/"},{"@type":"ListItem","position":2,"name":"Gleitschirm Shop","item":"https:\/\/swissgliders.ch\/de\/gleitschirm-shop\/"},{"@type":"ListItem","position":3,"name":"Pocket Guide Einfach Fliegen"}]},{"@type":"WebSite","@id":"https:\/\/swissgliders.ch\/de\/#website","url":"https:\/\/swissgliders.ch\/de\/","name":"Gleitschirmschule Thun, Bern, Interlaken","description":"Gleitschirmschule Thun, Bern, Interlaken","publisher":{"@id":"https:\/\/swissgliders.ch\/de\/#organization"},"potentialAction":[{"@type":"SearchAction","target":{"@type":"EntryPoint","urlTemplate":"https:\/\/swissgliders.ch\/de\/?s={search_term_string}"},"query-input":{"@type":"PropertyValueSpecification","valueRequired":true,"valueName":"search_term_string"}}],"inLanguage":"de"},{"@type":"Organization","@id":"https:\/\/swissgliders.ch\/de\/#organization","name":"Swissgliders Gleitschirmflugschule Thun","url":"https:\/\/swissgliders.ch\/de\/","logo":{"@type":"ImageObject","inLanguage":"de","@id":"https:\/\/swissgliders.ch\/de\/#\/schema\/logo\/image\/","url":"https:\/\/swissgliders.ch\/wp-content\/uploads\/2019\/12\/swissgliders-logo-rgb-square-L-no-ch-01.png","contentUrl":"https:\/\/swissgliders.ch\/wp-content\/uploads\/2019\/12\/swissgliders-logo-rgb-square-L-no-ch-01.png","width":2500,"height":2500,"caption":"Swissgliders Gleitschirmflugschule Thun"},"image":{"@id":"https:\/\/swissgliders.ch\/de\/#\/schema\/logo\/image\/"},"sameAs":["https:\/\/www.facebook.com\/swissgliders","https:\/\/x.com\/Swissgliders","https:\/\/www.instagram.com\/swissgliders\/","https:\/\/www.youtube.com\/channel\/UCMCtGdepy9vBhrhX3V_oJOA"],"hasMerchantReturnPolicy":{"@type":"MerchantReturnPolicy","merchantReturnLink":"https:\/\/swissgliders.ch\/de\/allgemeine-geschaftsbedingungen\/"}}]},"product_price_amount":"24.80","product_price_currency":"CHF","og_availability":"instock","product_availability":"instock","product_condition":"new"},"_links":{"self":[{"href":"https:\/\/swissgliders.ch\/de\/wp-json\/wp\/v2\/product\/9913","targetHints":{"allow":["GET"]}}],"collection":[{"href":"https:\/\/swissgliders.ch\/de\/wp-json\/wp\/v2\/product"}],"about":[{"href":"https:\/\/swissgliders.ch\/de\/wp-json\/wp\/v2\/types\/product"}],"replies":[{"embeddable":true,"href":"https:\/\/swissgliders.ch\/de\/wp-json\/wp\/v2\/comments?post=9913"}],"wp:featuredmedia":[{"embeddable":true,"href":"https:\/\/swissgliders.ch\/de\/wp-json\/wp\/v2\/media\/9915"}],"wp:attachment":[{"href":"https:\/\/swissgliders.ch\/de\/wp-json\/wp\/v2\/media?parent=9913"}],"wp:term":[{"taxonomy":"product_brand","embeddable":true,"href":"https:\/\/swissgliders.ch\/de\/wp-json\/wp\/v2\/product_brand?post=9913"},{"taxonomy":"product_cat","embeddable":true,"href":"https:\/\/swissgliders.ch\/de\/wp-json\/wp\/v2\/product_cat?post=9913"},{"taxonomy":"product_tag","embeddable":true,"href":"https:\/\/swissgliders.ch\/de\/wp-json\/wp\/v2\/product_tag?post=9913"}],"curies":[{"name":"wp","href":"https:\/\/api.w.org\/{rel}","templated":true}]}}