{"id":9977,"date":"2023-02-20T16:13:41","date_gmt":"2023-02-20T15:13:41","guid":{"rendered":"https:\/\/swissgliders.ch\/?post_type=product&#038;p=9977"},"modified":"2024-11-12T16:42:25","modified_gmt":"2024-11-12T15:42:25","slug":"skywalk-tapa-x-alps","status":"publish","type":"product","link":"https:\/\/swissgliders.ch\/de\/produkt\/skywalk-tapa-x-alps\/","title":{"rendered":"Skywalk Tapa X-Alps"},"content":{"rendered":"<h2 class=\"et_pb_module et_pb_text et_pb_text_0 et_pb_bg_layout_light et_pb_text_align_left\"><strong>Ultraleicht. Ultrakompakt.<\/strong><\/h2>\n<p><img loading=\"lazy\" decoding=\"async\" class=\"\" src=\"https:\/\/www.cloudbasesport.com.br\/images\/skywalk\/reservas\/tapa-x-alps\/paraquedas-reserva-tapa-xalps-skywalk-mb.jpg\" alt=\"Paraquedas Reserva Tapa X-Alps Skywalk - Cloud Base Sport - Parapente ...\" width=\"336\" height=\"336\" \/><\/p>\n<div class=\"et_pb_module et_pb_text et_pb_text_1 et_pb_bg_layout_light et_pb_text_align_left\">\n<div class=\"et_pb_text_inner\">\n<div class=\"et_pb_module et_pb_text et_pb_text_1 et_pb_text_align_left et_pb_bg_layout_light\">\n<div class=\"et_pb_text_inner\">\n<div class=\"et_pb_module et_pb_text et_pb_text_1 et_pb_text_align_left et_pb_bg_layout_light\">\n<div class=\"et_pb_text_inner\">\n<p>Ab jetzt gibt es kein Argument mehr, ohne Retter zu fliegen! Die TAPA X-ALPS ultralight Rettung wurde speziell f\u00fcr Hike&amp;Fly- sowie X-Alps Piloten entwickelt, f\u00fcr die jedes Gramm z\u00e4hlt. Die Kreuzkappe bringt in der kleinsten Gr\u00f6\u00dfe verschwindend geringe 784 Gramm auf die Waage, was sie zum optimalen Begleiter f\u00fcr Piloten macht, die ihre Leichtausr\u00fcstung perfektionieren wollen.<\/p>\n<p>Die TAPA X-ALPS ist symmetrisch aufgebaut und hat daher keine systembedingte Vorw\u00e4rtsfahrt. Dies vermindert zum einen die Gefahr einer unkalkulierbaren Abdrift, zum anderen wird die geringe Sinkgeschwindigkeit \u00fcber die Fl\u00e4che \u2013 und nicht \u00fcber die Vorw\u00e4rtsfahrt \u2013 erreicht. Aufgrund ihrer Konstruktion hat die Rettung eine extrem geringe \u00d6ffnungszeit und eine hohe Pendelstabilit\u00e4t.\u00a0Diese Faktoren erh\u00f6hen Deine Sicherheit bei einem Retterabgang deutlich.<\/p>\n<p>Zuverl\u00e4ssigkeit und Festigkeit werden durch unsere hohen Qualit\u00e4tsstandards gesichert, die durch eine spezielle Verarbeitung und die verwendeten Leichtmaterialien gew\u00e4hrleistet werden. Bei sorgf\u00e4ltiger Behandlung und regelm\u00e4\u00dfigen Packintervallen, kannst Du Dich auch nach vielen Jahren auf die TAPA X-ALPS verlassen.<\/p>\n<p><a href=\"https:\/\/skywalk.info\/de\/project\/tapa-x-alps\/#\">TECHNISCHE DATEN<\/a><\/p>\n<div class=\"et_pb_all_tabs\">\n<div class=\"et_pb_tab et_pb_tab_0 clearfix et_pb_active_content et-pb-active-slide\">\n<div class=\"et_pb_tab_content\">\n<table id=\"tablepress-331\" class=\"tablepress tablepress-id-331 tablepress-responsive tablepress-responsive-tablet\">\n<tbody class=\"row-hover\">\n<tr class=\"row-1 odd\">\n<td class=\"column-1\"><b>Gr\u00f6\u00dfe<\/b><\/td>\n<td class=\"column-2\"><b>90<\/b><\/td>\n<td class=\"column-3\"><b>105<\/b><\/td>\n<td class=\"column-4\"><b>125<\/b><\/td>\n<\/tr>\n<tr class=\"row-2 even\">\n<td class=\"column-1\"><b>Fl\u00e4che (m\u00b2)<\/b><\/td>\n<td class=\"column-2\">24,80<\/td>\n<td class=\"column-3\">28,05<\/td>\n<td class=\"column-4\">32,59<\/td>\n<\/tr>\n<tr class=\"row-3 odd\">\n<td class=\"column-1\"><b>Gewicht (g)<\/b><\/td>\n<td class=\"column-2\">784<\/td>\n<td class=\"column-3\">895<\/td>\n<td class=\"column-4\">1070<\/td>\n<\/tr>\n<tr class=\"row-4 even\">\n<td class=\"column-1\"><b>Sinkgeschwindigkeit (m\/s)<\/b><\/td>\n<td class=\"column-2\">5,3<\/td>\n<td class=\"column-3\">5,3<\/td>\n<td class=\"column-4\">5,3<\/td>\n<\/tr>\n<tr class=\"row-5 odd\">\n<td class=\"column-1\"><b>EN zugelassene maximale Anh\u00e4ngelast (kg)<\/b><\/td>\n<td class=\"column-2\">90<\/td>\n<td class=\"column-3\">105<\/td>\n<td class=\"column-4\">125<\/td>\n<\/tr>\n<tr class=\"row-6 even\">\n<td class=\"column-1\"><b>LTF\/EN G\u00fctesiegel<\/b><\/td>\n<td class=\"column-2\">ja<\/td>\n<td class=\"column-3\">ja<\/td>\n<td class=\"column-4\">ja<\/td>\n<\/tr>\n<tr class=\"row-7 odd\">\n<td class=\"column-1\"><b>Packvolumen (l)<\/b><\/td>\n<td class=\"column-2\">2,0<\/td>\n<td class=\"column-3\">2,6<\/td>\n<td class=\"column-4\">2,9<\/td>\n<\/tr>\n<\/tbody>\n<\/table>\n<\/div>\n<\/div>\n<\/div>\n<\/div>\n<\/div>\n<\/div>\n<\/div>\n<\/div>\n<\/div>\n<h5><\/h5>\n<h5 class=\"et_pb_toggle_title\">Welche Gr\u00f6\u00dfe ist die Richtige f\u00fcr mich?<\/h5>\n<div class=\"et_pb_toggle_content clearfix\">\n<p>Um die richtige Rettungsgr\u00f6\u00dfe zu w\u00e4hlen, muss man auf die maximale Anh\u00e4ngelast in kg achten. Diese Angaben findest Du unter \u201cTechnische Daten\u201d. Das eigene Startgewicht, also das eigene Gewicht inklusive Kleidung, Gleitschirm, Gurtzeug, Gewicht der Rettung selbst und etwaigem Gep\u00e4ck bzw. Fluginstrumenten, muss im Bereich der maximalen Anh\u00e4ngelast liegen. Damit ist eine geringe Sinkgeschwindigkeit gew\u00e4hrleistet und eine verletzungsfreie Landung m\u00f6glich.<\/p>\n<\/div>\n<h5 class=\"et_pb_toggle_title\">Passt die TAPA X-ALPS in mein Gurtzeug?<\/h5>\n<div class=\"et_pb_toggle_content clearfix\">\n<p>Alle skywalk Rettungsger\u00e4te haben eine Volumenangabe, die bei der K-Pr\u00fcfung zu beachten ist. Bei neueren Gurtzeugen findet man ebenfalls eine Mindest- und Maximal-Angabe im Containerfach oder im dazugeh\u00f6rigen Handbuch des Gurtzeugs. Diese darf nicht vom Rettungsger\u00e4tevolumen \u00fcberschritten werden. Bei \u00e4lteren Gurtzeugmodellen kann diese Information jedoch fehlen.<\/p>\n<\/div>\n<p>Mehr<a href=\"https:\/\/skywalk.info\/de\/project\/tapa-x-alps\/\"> Infos<\/a><\/p>\n<p>Falls dieser Artikel nicht an Lager ist, wird er f\u00fcr dich bestellt. Lieferfrist auf Anfrage.<\/p>\n","protected":false},"excerpt":{"rendered":"<h2 class=\"et_pb_module et_pb_text et_pb_text_0 et_pb_bg_layout_light et_pb_text_align_left\"><strong>Ultraleicht. Ultrakompakt.<\/strong><\/h2>\n<p><img loading=\"lazy\" decoding=\"async\" class=\"\" src=\"https:\/\/www.cloudbasesport.com.br\/images\/skywalk\/reservas\/tapa-x-alps\/paraquedas-reserva-tapa-xalps-skywalk-mb.jpg\" alt=\"Paraquedas Reserva Tapa X-Alps Skywalk - Cloud Base Sport - Parapente ...\" width=\"336\" height=\"336\" \/><\/p>\n<div class=\"et_pb_module et_pb_text et_pb_text_1 et_pb_bg_layout_light et_pb_text_align_left\">\n<div class=\"et_pb_text_inner\">\n<div class=\"et_pb_module et_pb_text et_pb_text_1 et_pb_text_align_left et_pb_bg_layout_light\">\n<div class=\"et_pb_text_inner\">\n<div class=\"et_pb_module et_pb_text et_pb_text_1 et_pb_text_align_left et_pb_bg_layout_light\">\n<div class=\"et_pb_text_inner\">\n<p>Ab jetzt gibt es kein Argument mehr, ohne Retter zu fliegen! Die TAPA X-ALPS ultralight Rettung wurde speziell f\u00fcr Hike&amp;Fly- sowie X-Alps Piloten entwickelt, f\u00fcr die jedes Gramm z\u00e4hlt. Die Kreuzkappe bringt in der kleinsten Gr\u00f6\u00dfe verschwindend geringe 784 Gramm auf die Waage, was sie zum optimalen Begleiter f\u00fcr Piloten macht, die ihre Leichtausr\u00fcstung perfektionieren wollen.<\/p>\n<p>Die TAPA X-ALPS ist symmetrisch aufgebaut und hat daher keine systembedingte Vorw\u00e4rtsfahrt. Dies vermindert zum einen die Gefahr einer unkalkulierbaren Abdrift, zum anderen wird die geringe Sinkgeschwindigkeit \u00fcber die Fl\u00e4che \u2013 und nicht \u00fcber die Vorw\u00e4rtsfahrt \u2013 erreicht. Aufgrund ihrer Konstruktion hat die Rettung eine extrem geringe \u00d6ffnungszeit und eine hohe Pendelstabilit\u00e4t.\u00a0Diese Faktoren erh\u00f6hen Deine Sicherheit bei einem Retterabgang deutlich.<\/p>\n<p>Zuverl\u00e4ssigkeit und Festigkeit werden durch unsere hohen Qualit\u00e4tsstandards gesichert, die durch eine spezielle Verarbeitung und die verwendeten Leichtmaterialien gew\u00e4hrleistet werden. Bei sorgf\u00e4ltiger Behandlung und regelm\u00e4\u00dfigen Packintervallen, kannst Du Dich auch nach vielen Jahren auf die TAPA X-ALPS verlassen.<\/p>\n<p><a href=\"https:\/\/skywalk.info\/de\/project\/tapa-x-alps\/#\">TECHNISCHE DATEN<\/a><\/p>\n<div class=\"et_pb_all_tabs\">\n<div class=\"et_pb_tab et_pb_tab_0 clearfix et_pb_active_content et-pb-active-slide\">\n<div class=\"et_pb_tab_content\">\n<table id=\"tablepress-331\" class=\"tablepress tablepress-id-331 tablepress-responsive tablepress-responsive-tablet\">\n<tbody class=\"row-hover\">\n<tr class=\"row-1 odd\">\n<td class=\"column-1\"><b>Gr\u00f6\u00dfe<\/b><\/td>\n<td class=\"column-2\"><b>90<\/b><\/td>\n<td class=\"column-3\"><b>105<\/b><\/td>\n<td class=\"column-4\"><b>125<\/b><\/td>\n<\/tr>\n<tr class=\"row-2 even\">\n<td class=\"column-1\"><b>Fl\u00e4che (m\u00b2)<\/b><\/td>\n<td class=\"column-2\">24,80<\/td>\n<td class=\"column-3\">28,05<\/td>\n<td class=\"column-4\">32,59<\/td>\n<\/tr>\n<tr class=\"row-3 odd\">\n<td class=\"column-1\"><b>Gewicht (g)<\/b><\/td>\n<td class=\"column-2\">784<\/td>\n<td class=\"column-3\">895<\/td>\n<td class=\"column-4\">1070<\/td>\n<\/tr>\n<tr class=\"row-4 even\">\n<td class=\"column-1\"><b>Sinkgeschwindigkeit (m\/s)<\/b><\/td>\n<td class=\"column-2\">5,3<\/td>\n<td class=\"column-3\">5,3<\/td>\n<td class=\"column-4\">5,3<\/td>\n<\/tr>\n<tr class=\"row-5 odd\">\n<td class=\"column-1\"><b>EN zugelassene maximale Anh\u00e4ngelast (kg)<\/b><\/td>\n<td class=\"column-2\">90<\/td>\n<td class=\"column-3\">105<\/td>\n<td class=\"column-4\">125<\/td>\n<\/tr>\n<tr class=\"row-6 even\">\n<td class=\"column-1\"><b>LTF\/EN G\u00fctesiegel<\/b><\/td>\n<td class=\"column-2\">ja<\/td>\n<td class=\"column-3\">ja<\/td>\n<td class=\"column-4\">ja<\/td>\n<\/tr>\n<tr class=\"row-7 odd\">\n<td class=\"column-1\"><b>Packvolumen (l)<\/b><\/td>\n<td class=\"column-2\">2,0<\/td>\n<td class=\"column-3\">2,6<\/td>\n<td class=\"column-4\">2,9<\/td>\n<\/tr>\n<\/tbody>\n<\/table>\n<\/div>\n<\/div>\n<\/div>\n<\/div>\n<\/div>\n<\/div>\n<\/div>\n<\/div>\n<\/div>\n<h5><\/h5>\n<h5 class=\"et_pb_toggle_title\">Welche Gr\u00f6\u00dfe ist die Richtige f\u00fcr mich?<\/h5>\n<div class=\"et_pb_toggle_content clearfix\">\n<p>Um die richtige Rettungsgr\u00f6\u00dfe zu w\u00e4hlen, muss man auf die maximale Anh\u00e4ngelast in kg achten. Diese Angaben findest Du unter \u201cTechnische Daten\u201d. Das eigene Startgewicht, also das eigene Gewicht inklusive Kleidung, Gleitschirm, Gurtzeug, Gewicht der Rettung selbst und etwaigem Gep\u00e4ck bzw. Fluginstrumenten, muss im Bereich der maximalen Anh\u00e4ngelast liegen. Damit ist eine geringe Sinkgeschwindigkeit gew\u00e4hrleistet und eine verletzungsfreie Landung m\u00f6glich.<\/p>\n<\/div>\n<h5 class=\"et_pb_toggle_title\">Passt die TAPA X-ALPS in mein Gurtzeug?<\/h5>\n<div class=\"et_pb_toggle_content clearfix\">\n<p>Alle skywalk Rettungsger\u00e4te haben eine Volumenangabe, die bei der K-Pr\u00fcfung zu beachten ist. Bei neueren Gurtzeugen findet man ebenfalls eine Mindest- und Maximal-Angabe im Containerfach oder im dazugeh\u00f6rigen Handbuch des Gurtzeugs. Diese darf nicht vom Rettungsger\u00e4tevolumen \u00fcberschritten werden. Bei \u00e4lteren Gurtzeugmodellen kann diese Information jedoch fehlen.<\/p>\n<\/div>\n<p>Mehr<a href=\"https:\/\/skywalk.info\/de\/project\/tapa-x-alps\/\"> Infos<\/a><\/p>\n<p>Falls dieser Artikel nicht an Lager ist, wird er f\u00fcr dich bestellt. Lieferfrist auf Anfrage.<\/p>\n","protected":false},"featured_media":9984,"comment_status":"closed","ping_status":"closed","template":"","meta":[],"product_brand":[],"product_cat":[1309],"product_tag":[1310,1311,90],"class_list":{"0":"post-9977","1":"product","2":"type-product","3":"status-publish","4":"has-post-thumbnail","6":"product_cat-gleitschirm-rettungsgeraete","7":"product_tag-notschirm","8":"product_tag-retter","9":"product_tag-verkaufsartikel","10":"product_shipping_class-priority-2kg-de","12":"first","13":"instock","14":"sale","15":"shipping-taxable","16":"purchasable","17":"product-type-variable"},"yoast_head":"<!-- This site is optimized with the Yoast SEO Premium plugin v26.1 (Yoast SEO v27.3) - https:\/\/yoast.com\/product\/yoast-seo-premium-wordpress\/ -->\n<title>Skywalk Tapa X-Alps | Gleitschirmschule Thun, Bern, Interlaken<\/title>\n<meta name=\"description\" content=\"Ab jetzt gibt es kein Argument mehr, ohne Retter zu fliegen! Die TAPA X-ALPS ultralight Rettung wurde speziell f\u00fcr Hike&amp;Fly- sowie X-Alps Piloten entwickelt, f\u00fcr die jedes Gramm z\u00e4hlt. Die Kreuzkappe bringt in der kleinsten Gr\u00f6\u00dfe verschwindend geringe 784 Gramm auf die Waage, was sie zum optimalen Begleiter f\u00fcr Piloten macht, die ihre Leichtausr\u00fcstung perfektionieren wollen.\" \/>\n<meta name=\"robots\" content=\"index, follow, max-snippet:-1, max-image-preview:large, max-video-preview:-1\" \/>\n<link rel=\"canonical\" href=\"https:\/\/swissgliders.ch\/de\/produkt\/skywalk-tapa-x-alps\/\" \/>\n<meta property=\"og:locale\" content=\"de_DE\" \/>\n<meta property=\"og:type\" content=\"article\" \/>\n<meta property=\"og:title\" content=\"Skywalk Tapa X-Alps\" \/>\n<meta property=\"og:description\" content=\"Ab jetzt gibt es kein Argument mehr, ohne Retter zu fliegen! Die TAPA X-ALPS ultralight Rettung wurde speziell f\u00fcr Hike&amp;Fly- sowie X-Alps Piloten entwickelt, f\u00fcr die jedes Gramm z\u00e4hlt. Die Kreuzkappe bringt in der kleinsten Gr\u00f6\u00dfe verschwindend geringe 784 Gramm auf die Waage, was sie zum optimalen Begleiter f\u00fcr Piloten macht, die ihre Leichtausr\u00fcstung perfektionieren wollen.\" \/>\n<meta property=\"og:url\" content=\"https:\/\/swissgliders.ch\/de\/produkt\/skywalk-tapa-x-alps\/\" \/>\n<meta property=\"og:site_name\" content=\"Gleitschirmschule Thun, Bern, Interlaken\" \/>\n<meta property=\"article:publisher\" content=\"https:\/\/www.facebook.com\/swissgliders\" \/>\n<meta property=\"article:modified_time\" content=\"2024-11-12T15:42:25+00:00\" \/>\n<meta property=\"og:image\" content=\"https:\/\/swissgliders.ch\/wp-content\/uploads\/2023\/02\/Skywalk_Notschirm_Tapa_X-Apls-1.png\" \/>\n\t<meta property=\"og:image:width\" content=\"800\" \/>\n\t<meta property=\"og:image:height\" content=\"1132\" \/>\n\t<meta property=\"og:image:type\" content=\"image\/png\" \/>\n<meta name=\"twitter:card\" content=\"summary_large_image\" \/>\n<meta name=\"twitter:site\" content=\"@Swissgliders\" \/>\n<meta name=\"twitter:label1\" content=\"Verf\u00fcgbarkeit\" \/>\n\t<meta name=\"twitter:data1\" content=\"Auf Lager\" \/>\n<script type=\"application\/ld+json\" class=\"yoast-schema-graph\">{\"@context\":\"https:\\\/\\\/schema.org\",\"@graph\":[{\"@type\":\"WebPage\",\"@id\":\"https:\\\/\\\/swissgliders.ch\\\/de\\\/produkt\\\/skywalk-tapa-x-alps\\\/\",\"url\":\"https:\\\/\\\/swissgliders.ch\\\/de\\\/produkt\\\/skywalk-tapa-x-alps\\\/\",\"name\":\"Skywalk Tapa X-Alps | Gleitschirmschule Thun, Bern, Interlaken\",\"isPartOf\":{\"@id\":\"https:\\\/\\\/swissgliders.ch\\\/de\\\/#website\"},\"primaryImageOfPage\":{\"@id\":\"https:\\\/\\\/swissgliders.ch\\\/de\\\/produkt\\\/skywalk-tapa-x-alps\\\/#primaryimage\"},\"image\":{\"@id\":\"https:\\\/\\\/swissgliders.ch\\\/de\\\/produkt\\\/skywalk-tapa-x-alps\\\/#primaryimage\"},\"thumbnailUrl\":\"https:\\\/\\\/swissgliders.ch\\\/wp-content\\\/uploads\\\/2023\\\/02\\\/Skywalk_Notschirm_Tapa_X-Apls-1.png\",\"datePublished\":\"2023-02-20T15:13:41+00:00\",\"dateModified\":\"2024-11-12T15:42:25+00:00\",\"description\":\"Ab jetzt gibt es kein Argument mehr, ohne Retter zu fliegen! Die TAPA X-ALPS ultralight Rettung wurde speziell f\u00fcr Hike&Fly- sowie X-Alps Piloten entwickelt, f\u00fcr die jedes Gramm z\u00e4hlt. Die Kreuzkappe bringt in der kleinsten Gr\u00f6\u00dfe verschwindend geringe 784 Gramm auf die Waage, was sie zum optimalen Begleiter f\u00fcr Piloten macht, die ihre Leichtausr\u00fcstung perfektionieren wollen.\",\"breadcrumb\":{\"@id\":\"https:\\\/\\\/swissgliders.ch\\\/de\\\/produkt\\\/skywalk-tapa-x-alps\\\/#breadcrumb\"},\"inLanguage\":\"de\",\"potentialAction\":[{\"@type\":\"ReadAction\",\"target\":[\"https:\\\/\\\/swissgliders.ch\\\/de\\\/produkt\\\/skywalk-tapa-x-alps\\\/\"]}]},{\"@type\":\"ImageObject\",\"inLanguage\":\"de\",\"@id\":\"https:\\\/\\\/swissgliders.ch\\\/de\\\/produkt\\\/skywalk-tapa-x-alps\\\/#primaryimage\",\"url\":\"https:\\\/\\\/swissgliders.ch\\\/wp-content\\\/uploads\\\/2023\\\/02\\\/Skywalk_Notschirm_Tapa_X-Apls-1.png\",\"contentUrl\":\"https:\\\/\\\/swissgliders.ch\\\/wp-content\\\/uploads\\\/2023\\\/02\\\/Skywalk_Notschirm_Tapa_X-Apls-1.png\",\"width\":800,\"height\":1132,\"caption\":\"Skywalk_Notschirm_Tapa_X-Apls-1\"},{\"@type\":\"BreadcrumbList\",\"@id\":\"https:\\\/\\\/swissgliders.ch\\\/de\\\/produkt\\\/skywalk-tapa-x-alps\\\/#breadcrumb\",\"itemListElement\":[{\"@type\":\"ListItem\",\"position\":1,\"name\":\"Startseite\",\"item\":\"https:\\\/\\\/swissgliders.ch\\\/de\\\/willkommen\\\/\"},{\"@type\":\"ListItem\",\"position\":2,\"name\":\"Gleitschirm Shop\",\"item\":\"https:\\\/\\\/swissgliders.ch\\\/de\\\/gleitschirm-shop\\\/\"},{\"@type\":\"ListItem\",\"position\":3,\"name\":\"Skywalk Tapa X-Alps\"}]},{\"@type\":\"WebSite\",\"@id\":\"https:\\\/\\\/swissgliders.ch\\\/de\\\/#website\",\"url\":\"https:\\\/\\\/swissgliders.ch\\\/de\\\/\",\"name\":\"Gleitschirmschule Thun, Bern, Interlaken\",\"description\":\"Gleitschirmschule Thun, Bern, Interlaken\",\"publisher\":{\"@id\":\"https:\\\/\\\/swissgliders.ch\\\/de\\\/#organization\"},\"potentialAction\":[{\"@type\":\"SearchAction\",\"target\":{\"@type\":\"EntryPoint\",\"urlTemplate\":\"https:\\\/\\\/swissgliders.ch\\\/de\\\/?s={search_term_string}\"},\"query-input\":{\"@type\":\"PropertyValueSpecification\",\"valueRequired\":true,\"valueName\":\"search_term_string\"}}],\"inLanguage\":\"de\"},{\"@type\":\"Organization\",\"@id\":\"https:\\\/\\\/swissgliders.ch\\\/de\\\/#organization\",\"name\":\"Swissgliders Gleitschirmflugschule Thun\",\"url\":\"https:\\\/\\\/swissgliders.ch\\\/de\\\/\",\"logo\":{\"@type\":\"ImageObject\",\"inLanguage\":\"de\",\"@id\":\"https:\\\/\\\/swissgliders.ch\\\/de\\\/#\\\/schema\\\/logo\\\/image\\\/\",\"url\":\"https:\\\/\\\/swissgliders.ch\\\/wp-content\\\/uploads\\\/2019\\\/12\\\/swissgliders-logo-rgb-square-L-no-ch-01.png\",\"contentUrl\":\"https:\\\/\\\/swissgliders.ch\\\/wp-content\\\/uploads\\\/2019\\\/12\\\/swissgliders-logo-rgb-square-L-no-ch-01.png\",\"width\":2500,\"height\":2500,\"caption\":\"Swissgliders Gleitschirmflugschule Thun\"},\"image\":{\"@id\":\"https:\\\/\\\/swissgliders.ch\\\/de\\\/#\\\/schema\\\/logo\\\/image\\\/\"},\"sameAs\":[\"https:\\\/\\\/www.facebook.com\\\/swissgliders\",\"https:\\\/\\\/x.com\\\/Swissgliders\",\"https:\\\/\\\/www.instagram.com\\\/swissgliders\\\/\",\"https:\\\/\\\/www.youtube.com\\\/channel\\\/UCMCtGdepy9vBhrhX3V_oJOA\"],\"hasMerchantReturnPolicy\":{\"@type\":\"MerchantReturnPolicy\",\"merchantReturnLink\":\"https:\\\/\\\/swissgliders.ch\\\/de\\\/allgemeine-geschaftsbedingungen\\\/\"}}]}<\/script>\n<meta property=\"og:availability\" content=\"instock\" \/>\n<meta property=\"product:availability\" content=\"instock\" \/>\n<meta property=\"product:condition\" content=\"new\" \/>\n<!-- \/ Yoast SEO Premium plugin. -->","yoast_head_json":{"title":"Skywalk Tapa X-Alps | Gleitschirmschule Thun, Bern, Interlaken","description":"Ab jetzt gibt es kein Argument mehr, ohne Retter zu fliegen! Die TAPA X-ALPS ultralight Rettung wurde speziell f\u00fcr Hike&Fly- sowie X-Alps Piloten entwickelt, f\u00fcr die jedes Gramm z\u00e4hlt. Die Kreuzkappe bringt in der kleinsten Gr\u00f6\u00dfe verschwindend geringe 784 Gramm auf die Waage, was sie zum optimalen Begleiter f\u00fcr Piloten macht, die ihre Leichtausr\u00fcstung perfektionieren wollen.","robots":{"index":"index","follow":"follow","max-snippet":"max-snippet:-1","max-image-preview":"max-image-preview:large","max-video-preview":"max-video-preview:-1"},"canonical":"https:\/\/swissgliders.ch\/de\/produkt\/skywalk-tapa-x-alps\/","og_locale":"de_DE","og_type":"article","og_title":"Skywalk Tapa X-Alps","og_description":"Ab jetzt gibt es kein Argument mehr, ohne Retter zu fliegen! Die TAPA X-ALPS ultralight Rettung wurde speziell f\u00fcr Hike&Fly- sowie X-Alps Piloten entwickelt, f\u00fcr die jedes Gramm z\u00e4hlt. Die Kreuzkappe bringt in der kleinsten Gr\u00f6\u00dfe verschwindend geringe 784 Gramm auf die Waage, was sie zum optimalen Begleiter f\u00fcr Piloten macht, die ihre Leichtausr\u00fcstung perfektionieren wollen.","og_url":"https:\/\/swissgliders.ch\/de\/produkt\/skywalk-tapa-x-alps\/","og_site_name":"Gleitschirmschule Thun, Bern, Interlaken","article_publisher":"https:\/\/www.facebook.com\/swissgliders","article_modified_time":"2024-11-12T15:42:25+00:00","og_image":[{"width":800,"height":1132,"url":"https:\/\/swissgliders.ch\/wp-content\/uploads\/2023\/02\/Skywalk_Notschirm_Tapa_X-Apls-1.png","type":"image\/png"}],"twitter_card":"summary_large_image","twitter_site":"@Swissgliders","twitter_misc":{"Verf\u00fcgbarkeit":"Auf Lager"},"schema":{"@context":"https:\/\/schema.org","@graph":[{"@type":"WebPage","@id":"https:\/\/swissgliders.ch\/de\/produkt\/skywalk-tapa-x-alps\/","url":"https:\/\/swissgliders.ch\/de\/produkt\/skywalk-tapa-x-alps\/","name":"Skywalk Tapa X-Alps | Gleitschirmschule Thun, Bern, Interlaken","isPartOf":{"@id":"https:\/\/swissgliders.ch\/de\/#website"},"primaryImageOfPage":{"@id":"https:\/\/swissgliders.ch\/de\/produkt\/skywalk-tapa-x-alps\/#primaryimage"},"image":{"@id":"https:\/\/swissgliders.ch\/de\/produkt\/skywalk-tapa-x-alps\/#primaryimage"},"thumbnailUrl":"https:\/\/swissgliders.ch\/wp-content\/uploads\/2023\/02\/Skywalk_Notschirm_Tapa_X-Apls-1.png","datePublished":"2023-02-20T15:13:41+00:00","dateModified":"2024-11-12T15:42:25+00:00","description":"Ab jetzt gibt es kein Argument mehr, ohne Retter zu fliegen! Die TAPA X-ALPS ultralight Rettung wurde speziell f\u00fcr Hike&Fly- sowie X-Alps Piloten entwickelt, f\u00fcr die jedes Gramm z\u00e4hlt. Die Kreuzkappe bringt in der kleinsten Gr\u00f6\u00dfe verschwindend geringe 784 Gramm auf die Waage, was sie zum optimalen Begleiter f\u00fcr Piloten macht, die ihre Leichtausr\u00fcstung perfektionieren wollen.","breadcrumb":{"@id":"https:\/\/swissgliders.ch\/de\/produkt\/skywalk-tapa-x-alps\/#breadcrumb"},"inLanguage":"de","potentialAction":[{"@type":"ReadAction","target":["https:\/\/swissgliders.ch\/de\/produkt\/skywalk-tapa-x-alps\/"]}]},{"@type":"ImageObject","inLanguage":"de","@id":"https:\/\/swissgliders.ch\/de\/produkt\/skywalk-tapa-x-alps\/#primaryimage","url":"https:\/\/swissgliders.ch\/wp-content\/uploads\/2023\/02\/Skywalk_Notschirm_Tapa_X-Apls-1.png","contentUrl":"https:\/\/swissgliders.ch\/wp-content\/uploads\/2023\/02\/Skywalk_Notschirm_Tapa_X-Apls-1.png","width":800,"height":1132,"caption":"Skywalk_Notschirm_Tapa_X-Apls-1"},{"@type":"BreadcrumbList","@id":"https:\/\/swissgliders.ch\/de\/produkt\/skywalk-tapa-x-alps\/#breadcrumb","itemListElement":[{"@type":"ListItem","position":1,"name":"Startseite","item":"https:\/\/swissgliders.ch\/de\/willkommen\/"},{"@type":"ListItem","position":2,"name":"Gleitschirm Shop","item":"https:\/\/swissgliders.ch\/de\/gleitschirm-shop\/"},{"@type":"ListItem","position":3,"name":"Skywalk Tapa X-Alps"}]},{"@type":"WebSite","@id":"https:\/\/swissgliders.ch\/de\/#website","url":"https:\/\/swissgliders.ch\/de\/","name":"Gleitschirmschule Thun, Bern, Interlaken","description":"Gleitschirmschule Thun, Bern, Interlaken","publisher":{"@id":"https:\/\/swissgliders.ch\/de\/#organization"},"potentialAction":[{"@type":"SearchAction","target":{"@type":"EntryPoint","urlTemplate":"https:\/\/swissgliders.ch\/de\/?s={search_term_string}"},"query-input":{"@type":"PropertyValueSpecification","valueRequired":true,"valueName":"search_term_string"}}],"inLanguage":"de"},{"@type":"Organization","@id":"https:\/\/swissgliders.ch\/de\/#organization","name":"Swissgliders Gleitschirmflugschule Thun","url":"https:\/\/swissgliders.ch\/de\/","logo":{"@type":"ImageObject","inLanguage":"de","@id":"https:\/\/swissgliders.ch\/de\/#\/schema\/logo\/image\/","url":"https:\/\/swissgliders.ch\/wp-content\/uploads\/2019\/12\/swissgliders-logo-rgb-square-L-no-ch-01.png","contentUrl":"https:\/\/swissgliders.ch\/wp-content\/uploads\/2019\/12\/swissgliders-logo-rgb-square-L-no-ch-01.png","width":2500,"height":2500,"caption":"Swissgliders Gleitschirmflugschule Thun"},"image":{"@id":"https:\/\/swissgliders.ch\/de\/#\/schema\/logo\/image\/"},"sameAs":["https:\/\/www.facebook.com\/swissgliders","https:\/\/x.com\/Swissgliders","https:\/\/www.instagram.com\/swissgliders\/","https:\/\/www.youtube.com\/channel\/UCMCtGdepy9vBhrhX3V_oJOA"],"hasMerchantReturnPolicy":{"@type":"MerchantReturnPolicy","merchantReturnLink":"https:\/\/swissgliders.ch\/de\/allgemeine-geschaftsbedingungen\/"}}]},"og_availability":"instock","product_availability":"instock","product_condition":"new"},"_links":{"self":[{"href":"https:\/\/swissgliders.ch\/de\/wp-json\/wp\/v2\/product\/9977","targetHints":{"allow":["GET"]}}],"collection":[{"href":"https:\/\/swissgliders.ch\/de\/wp-json\/wp\/v2\/product"}],"about":[{"href":"https:\/\/swissgliders.ch\/de\/wp-json\/wp\/v2\/types\/product"}],"replies":[{"embeddable":true,"href":"https:\/\/swissgliders.ch\/de\/wp-json\/wp\/v2\/comments?post=9977"}],"wp:featuredmedia":[{"embeddable":true,"href":"https:\/\/swissgliders.ch\/de\/wp-json\/wp\/v2\/media\/9984"}],"wp:attachment":[{"href":"https:\/\/swissgliders.ch\/de\/wp-json\/wp\/v2\/media?parent=9977"}],"wp:term":[{"taxonomy":"product_brand","embeddable":true,"href":"https:\/\/swissgliders.ch\/de\/wp-json\/wp\/v2\/product_brand?post=9977"},{"taxonomy":"product_cat","embeddable":true,"href":"https:\/\/swissgliders.ch\/de\/wp-json\/wp\/v2\/product_cat?post=9977"},{"taxonomy":"product_tag","embeddable":true,"href":"https:\/\/swissgliders.ch\/de\/wp-json\/wp\/v2\/product_tag?post=9977"}],"curies":[{"name":"wp","href":"https:\/\/api.w.org\/{rel}","templated":true}]}}