{"id":9986,"date":"2023-02-20T16:32:49","date_gmt":"2023-02-20T15:32:49","guid":{"rendered":"https:\/\/swissgliders.ch\/?post_type=product&#038;p=9986"},"modified":"2024-10-04T09:58:35","modified_gmt":"2024-10-04T08:58:35","slug":"skywalk-salsa","status":"publish","type":"product","link":"https:\/\/swissgliders.ch\/de\/produkt\/skywalk-salsa\/","title":{"rendered":"Skywalk Salsa"},"content":{"rendered":"<div class=\"et_pb_module et_pb_text et_pb_text_1 et_pb_bg_layout_light et_pb_text_align_left\">\n<div class=\"et_pb_text_inner\">\n<div class=\"et_pb_module et_pb_text et_pb_text_1 et_pb_text_align_left et_pb_bg_layout_light\">\n<div class=\"et_pb_text_inner\">\n<div class=\"et_pb_module et_pb_text et_pb_text_1 et_pb_text_align_left et_pb_bg_layout_light\">\n<div class=\"et_pb_text_inner\">\n<div>\n<div class=\"et_pb_module et_pb_text et_pb_text_0 et_pb_text_align_left et_pb_bg_layout_light\">\n<div class=\"et_pb_text_inner\">\n<h2>Einfach. Sicher.<\/h2>\n<\/div>\n<p><img decoding=\"async\" src=\"https:\/\/custom-images.strikinglycdn.com\/res\/hrscywv4p\/image\/upload\/c_limit,fl_lossy,h_1000,w_500,f_auto,q_auto\/1155006\/472136_34229.png\" alt=\"Skywalk Salsa Reserve Parachute\" \/><\/p>\n<\/div>\n<div class=\"et_pb_module et_pb_text et_pb_text_1 et_pb_text_align_left et_pb_bg_layout_light\">\n<div class=\"et_pb_text_inner\">\n<p>Die SALSA ist ein moderner Kreuzkappen-Rettungsfallschirm, die auf Grund ihrer Konstruktion eine sehr geringe \u00d6ffnungszeit sowie eine hohe Pendelstabilit\u00e4t aufweist \u2013 zwei Faktoren, die entscheidend sein k\u00f6nnen, wenn es darauf ankommt. Gro\u00dfe Fl\u00e4chen sorgen f\u00fcr eine geringe Sinkgeschwindigkeit, der symmetrische Aufbau verhindert eine systembedingte Vorw\u00e4rtsfahrt. Somit ist ein stabiler Sinkflug mit einer angenehmen Landung m\u00f6glich. Wer sein Rettungsger\u00e4t regelm\u00e4\u00dfig selber packt, wird die einfache Packmethode zu sch\u00e4tzen wissen. Die Leinen werden in einem separaten Leinenfach im Innencontainer verstaut, dies minimiert das Risiko von Verh\u00e4ngern und optimiert den \u00d6ffnungsvorgang. Die verwendeten Materialien sind robust und garantieren eine lange Lebensdauer!<\/p>\n<p><a href=\"https:\/\/skywalk.info\/de\/project\/salsa\/#\">TECHNISCHE DATEN<\/a><\/p>\n<div class=\"et_pb_all_tabs\">\n<div class=\"et_pb_tab et_pb_tab_0 clearfix et_pb_active_content et-pb-active-slide\">\n<div class=\"et_pb_tab_content\">\n<table id=\"tablepress-246\" class=\"tablepress tablepress-id-246 tablepress-responsive tablepress-responsive-tablet\">\n<tbody class=\"row-hover\">\n<tr class=\"row-1 odd\">\n<td class=\"column-1\"><b>Gr\u00f6\u00dfe<\/b><\/td>\n<td class=\"column-2\"><b>90<\/b><\/td>\n<td class=\"column-3\"><b>110<\/b><\/td>\n<td class=\"column-4\"><b>135<\/b><\/td>\n<\/tr>\n<tr class=\"row-2 even\">\n<td class=\"column-1\"><b>Fl\u00e4che ausgelegt (m\u00b2)<\/b><\/td>\n<td class=\"column-2\">26,9<\/td>\n<td class=\"column-3\">32,5<\/td>\n<td class=\"column-4\">40,1<\/td>\n<\/tr>\n<tr class=\"row-3 odd\">\n<td class=\"column-1\"><b>Gewicht mit Innencontainer (g)<\/b><\/td>\n<td class=\"column-2\">1350<\/td>\n<td class=\"column-3\">1550<\/td>\n<td class=\"column-4\">1900<\/td>\n<\/tr>\n<tr class=\"row-4 even\">\n<td class=\"column-1\"><b>Anzahl der Bahnen<\/b><\/td>\n<td class=\"column-2\">20<\/td>\n<td class=\"column-3\">20<\/td>\n<td class=\"column-4\">24<\/td>\n<\/tr>\n<tr class=\"row-5 odd\">\n<td class=\"column-1\"><b>Sinken bei der jeweilig zugelassenen Anh\u00e4ngelast (m\/s)<\/b><\/td>\n<td class=\"column-2\">5,1<\/td>\n<td class=\"column-3\">5,1<\/td>\n<td class=\"column-4\">5,0<\/td>\n<\/tr>\n<tr class=\"row-6 even\">\n<td class=\"column-1\"><b>EN zugelassene maximale Anh\u00e4ngelast (kg)<\/b><\/td>\n<td class=\"column-2\">90<\/td>\n<td class=\"column-3\">110<\/td>\n<td class=\"column-4\">135<\/td>\n<\/tr>\n<tr class=\"row-7 odd\">\n<td class=\"column-1\"><b>Angew. Norm<\/b><\/td>\n<td class=\"column-2\">LTF NFL II 91\/09 EN12491:2001<\/td>\n<td class=\"column-3\">LTF NFL II 91\/09 EN12491:2001<\/td>\n<td class=\"column-4\">LTF NFL II 91\/09 EN12491:2001<\/td>\n<\/tr>\n<tr class=\"row-8 even\">\n<td class=\"column-1\"><b>Packvolumen (l)<\/b><\/td>\n<td class=\"column-2\">4,1<\/td>\n<td class=\"column-3\">5,2<\/td>\n<td class=\"column-4\">7,3<\/td>\n<\/tr>\n<\/tbody>\n<\/table>\n<\/div>\n<\/div>\n<\/div>\n<\/div>\n<\/div>\n<\/div>\n<\/div>\n<\/div>\n<\/div>\n<\/div>\n<\/div>\n<\/div>\n<h5 class=\"et_pb_toggle_title\">Was ist im Lieferumfang der SALSA enthalten?<\/h5>\n<div class=\"et_pb_toggle_content clearfix\">\n<ul>\n<li>Rettungsschirm<\/li>\n<li>Innencontainer<\/li>\n<\/ul>\n<div class=\"et_pb_column et_pb_column_1_2 et_pb_column_12 et_pb_css_mix_blend_mode_passthrough et-last-child\">\n<div class=\"et_pb_module et_pb_toggle et_pb_toggle_9 et_pb_toggle_item et_pb_toggle_close\">\n<h5 class=\"et_pb_toggle_title\">Wie finde ich die richtige Gr\u00f6\u00dfe?<\/h5>\n<div class=\"et_pb_toggle_content clearfix\">\n<p>Um die richtige Rettungsgr\u00f6\u00dfe (90,110 oder 135) zu w\u00e4hlen, muss man auf die maximale Anh\u00e4ngelast in Kilogramm achten. Diese Angaben findest du unter \u201eTechnische Daten\u201c.\u00a0Das eigene Startgewicht \u2013 also das eigene Gewicht inklusive Kleidung, Gleitschirm, Gurtzeug \u2013 das Gewicht der Rettung selbst und etwaiges Gep\u00e4ck muss im Bereich der maximalen Anh\u00e4ngelast liegen. Damit ist eine geringe Sinkgeschwindigkeit gew\u00e4hrleistet und eine verletzungsfreie Landung m\u00f6glich.<\/p>\n<\/div>\n<\/div>\n<\/div>\n<\/div>\n<p>&nbsp;<\/p>\n<p>Mehr<a href=\"https:\/\/skywalk.info\/de\/project\/salsa\/\"> Infos<\/a><\/p>\n<p>Falls dieser Artikel nicht an Lager ist, wird er f\u00fcr dich bestellt. Lieferfrist auf Anfrage.<\/p>\n","protected":false},"excerpt":{"rendered":"<div class=\"et_pb_module et_pb_text et_pb_text_1 et_pb_bg_layout_light et_pb_text_align_left\">\n<div class=\"et_pb_text_inner\">\n<div class=\"et_pb_module et_pb_text et_pb_text_1 et_pb_text_align_left et_pb_bg_layout_light\">\n<div class=\"et_pb_text_inner\">\n<div class=\"et_pb_module et_pb_text et_pb_text_1 et_pb_text_align_left et_pb_bg_layout_light\">\n<div class=\"et_pb_text_inner\">\n<div>\n<div class=\"et_pb_module et_pb_text et_pb_text_0 et_pb_text_align_left et_pb_bg_layout_light\">\n<div class=\"et_pb_text_inner\">\n<h2>Einfach. Sicher.<\/h2>\n<\/div>\n<p><img decoding=\"async\" src=\"https:\/\/custom-images.strikinglycdn.com\/res\/hrscywv4p\/image\/upload\/c_limit,fl_lossy,h_1000,w_500,f_auto,q_auto\/1155006\/472136_34229.png\" alt=\"Skywalk Salsa Reserve Parachute\" \/><\/p>\n<\/div>\n<div class=\"et_pb_module et_pb_text et_pb_text_1 et_pb_text_align_left et_pb_bg_layout_light\">\n<div class=\"et_pb_text_inner\">\n<p>Die SALSA ist ein moderner Kreuzkappen-Rettungsfallschirm, die auf Grund ihrer Konstruktion eine sehr geringe \u00d6ffnungszeit sowie eine hohe Pendelstabilit\u00e4t aufweist \u2013 zwei Faktoren, die entscheidend sein k\u00f6nnen, wenn es darauf ankommt. Gro\u00dfe Fl\u00e4chen sorgen f\u00fcr eine geringe Sinkgeschwindigkeit, der symmetrische Aufbau verhindert eine systembedingte Vorw\u00e4rtsfahrt. Somit ist ein stabiler Sinkflug mit einer angenehmen Landung m\u00f6glich. Wer sein Rettungsger\u00e4t regelm\u00e4\u00dfig selber packt, wird die einfache Packmethode zu sch\u00e4tzen wissen. Die Leinen werden in einem separaten Leinenfach im Innencontainer verstaut, dies minimiert das Risiko von Verh\u00e4ngern und optimiert den \u00d6ffnungsvorgang. Die verwendeten Materialien sind robust und garantieren eine lange Lebensdauer!<\/p>\n<p><a href=\"https:\/\/skywalk.info\/de\/project\/salsa\/#\">TECHNISCHE DATEN<\/a><\/p>\n<div class=\"et_pb_all_tabs\">\n<div class=\"et_pb_tab et_pb_tab_0 clearfix et_pb_active_content et-pb-active-slide\">\n<div class=\"et_pb_tab_content\">\n<table id=\"tablepress-246\" class=\"tablepress tablepress-id-246 tablepress-responsive tablepress-responsive-tablet\">\n<tbody class=\"row-hover\">\n<tr class=\"row-1 odd\">\n<td class=\"column-1\"><b>Gr\u00f6\u00dfe<\/b><\/td>\n<td class=\"column-2\"><b>90<\/b><\/td>\n<td class=\"column-3\"><b>110<\/b><\/td>\n<td class=\"column-4\"><b>135<\/b><\/td>\n<\/tr>\n<tr class=\"row-2 even\">\n<td class=\"column-1\"><b>Fl\u00e4che ausgelegt (m\u00b2)<\/b><\/td>\n<td class=\"column-2\">26,9<\/td>\n<td class=\"column-3\">32,5<\/td>\n<td class=\"column-4\">40,1<\/td>\n<\/tr>\n<tr class=\"row-3 odd\">\n<td class=\"column-1\"><b>Gewicht mit Innencontainer (g)<\/b><\/td>\n<td class=\"column-2\">1350<\/td>\n<td class=\"column-3\">1550<\/td>\n<td class=\"column-4\">1900<\/td>\n<\/tr>\n<tr class=\"row-4 even\">\n<td class=\"column-1\"><b>Anzahl der Bahnen<\/b><\/td>\n<td class=\"column-2\">20<\/td>\n<td class=\"column-3\">20<\/td>\n<td class=\"column-4\">24<\/td>\n<\/tr>\n<tr class=\"row-5 odd\">\n<td class=\"column-1\"><b>Sinken bei der jeweilig zugelassenen Anh\u00e4ngelast (m\/s)<\/b><\/td>\n<td class=\"column-2\">5,1<\/td>\n<td class=\"column-3\">5,1<\/td>\n<td class=\"column-4\">5,0<\/td>\n<\/tr>\n<tr class=\"row-6 even\">\n<td class=\"column-1\"><b>EN zugelassene maximale Anh\u00e4ngelast (kg)<\/b><\/td>\n<td class=\"column-2\">90<\/td>\n<td class=\"column-3\">110<\/td>\n<td class=\"column-4\">135<\/td>\n<\/tr>\n<tr class=\"row-7 odd\">\n<td class=\"column-1\"><b>Angew. Norm<\/b><\/td>\n<td class=\"column-2\">LTF NFL II 91\/09 EN12491:2001<\/td>\n<td class=\"column-3\">LTF NFL II 91\/09 EN12491:2001<\/td>\n<td class=\"column-4\">LTF NFL II 91\/09 EN12491:2001<\/td>\n<\/tr>\n<tr class=\"row-8 even\">\n<td class=\"column-1\"><b>Packvolumen (l)<\/b><\/td>\n<td class=\"column-2\">4,1<\/td>\n<td class=\"column-3\">5,2<\/td>\n<td class=\"column-4\">7,3<\/td>\n<\/tr>\n<\/tbody>\n<\/table>\n<\/div>\n<\/div>\n<\/div>\n<\/div>\n<\/div>\n<\/div>\n<\/div>\n<\/div>\n<\/div>\n<\/div>\n<\/div>\n<\/div>\n<h5 class=\"et_pb_toggle_title\">Was ist im Lieferumfang der SALSA enthalten?<\/h5>\n<div class=\"et_pb_toggle_content clearfix\">\n<ul>\n<li>Rettungsschirm<\/li>\n<li>Innencontainer<\/li>\n<\/ul>\n<div class=\"et_pb_column et_pb_column_1_2 et_pb_column_12 et_pb_css_mix_blend_mode_passthrough et-last-child\">\n<div class=\"et_pb_module et_pb_toggle et_pb_toggle_9 et_pb_toggle_item et_pb_toggle_close\">\n<h5 class=\"et_pb_toggle_title\">Wie finde ich die richtige Gr\u00f6\u00dfe?<\/h5>\n<div class=\"et_pb_toggle_content clearfix\">\n<p>Um die richtige Rettungsgr\u00f6\u00dfe (90,110 oder 135) zu w\u00e4hlen, muss man auf die maximale Anh\u00e4ngelast in Kilogramm achten. Diese Angaben findest du unter \u201eTechnische Daten\u201c.\u00a0Das eigene Startgewicht \u2013 also das eigene Gewicht inklusive Kleidung, Gleitschirm, Gurtzeug \u2013 das Gewicht der Rettung selbst und etwaiges Gep\u00e4ck muss im Bereich der maximalen Anh\u00e4ngelast liegen. Damit ist eine geringe Sinkgeschwindigkeit gew\u00e4hrleistet und eine verletzungsfreie Landung m\u00f6glich.<\/p>\n<\/div>\n<\/div>\n<\/div>\n<\/div>\n<p>&nbsp;<\/p>\n<p>Mehr<a href=\"https:\/\/skywalk.info\/de\/project\/salsa\/\"> Infos<\/a><\/p>\n<p>Falls dieser Artikel nicht an Lager ist, wird er f\u00fcr dich bestellt. Lieferfrist auf Anfrage.<\/p>\n","protected":false},"featured_media":9984,"comment_status":"closed","ping_status":"closed","template":"","meta":[],"product_brand":[],"product_cat":[1309],"product_tag":[1310,1311,90],"class_list":{"0":"post-9986","1":"product","2":"type-product","3":"status-publish","4":"has-post-thumbnail","6":"product_cat-gleitschirm-rettungsgeraete","7":"product_tag-notschirm","8":"product_tag-retter","9":"product_tag-verkaufsartikel","10":"product_shipping_class-priority-2kg-de","12":"first","13":"instock","14":"sale","15":"shipping-taxable","16":"purchasable","17":"product-type-variable"},"yoast_head":"<!-- This site is optimized with the Yoast SEO Premium plugin v26.1 (Yoast SEO v27.3) - https:\/\/yoast.com\/product\/yoast-seo-premium-wordpress\/ -->\n<title>Skywalk Salsa | Gleitschirmschule Thun, Bern, Interlaken<\/title>\n<meta name=\"description\" content=\"skywalk-salsa\" \/>\n<meta name=\"robots\" content=\"index, follow, max-snippet:-1, max-image-preview:large, max-video-preview:-1\" \/>\n<link rel=\"canonical\" href=\"https:\/\/swissgliders.ch\/de\/produkt\/skywalk-salsa\/\" \/>\n<meta property=\"og:locale\" content=\"de_DE\" \/>\n<meta property=\"og:type\" content=\"article\" \/>\n<meta property=\"og:title\" content=\"Skywalk Salsa\" \/>\n<meta property=\"og:description\" content=\"skywalk-salsa\" \/>\n<meta property=\"og:url\" content=\"https:\/\/swissgliders.ch\/de\/produkt\/skywalk-salsa\/\" \/>\n<meta property=\"og:site_name\" content=\"Gleitschirmschule Thun, Bern, Interlaken\" \/>\n<meta property=\"article:publisher\" content=\"https:\/\/www.facebook.com\/swissgliders\" \/>\n<meta property=\"article:modified_time\" content=\"2024-10-04T08:58:35+00:00\" \/>\n<meta property=\"og:image\" content=\"https:\/\/swissgliders.ch\/wp-content\/uploads\/2023\/02\/Skywalk_Notschirm_Tapa_X-Apls-1.png\" \/>\n\t<meta property=\"og:image:width\" content=\"800\" \/>\n\t<meta property=\"og:image:height\" content=\"1132\" \/>\n\t<meta property=\"og:image:type\" content=\"image\/png\" \/>\n<meta name=\"twitter:card\" content=\"summary_large_image\" \/>\n<meta name=\"twitter:site\" content=\"@Swissgliders\" \/>\n<meta name=\"twitter:label1\" content=\"Verf\u00fcgbarkeit\" \/>\n\t<meta name=\"twitter:data1\" content=\"Auf Lager\" \/>\n<script type=\"application\/ld+json\" class=\"yoast-schema-graph\">{\"@context\":\"https:\\\/\\\/schema.org\",\"@graph\":[{\"@type\":\"WebPage\",\"@id\":\"https:\\\/\\\/swissgliders.ch\\\/de\\\/produkt\\\/skywalk-salsa\\\/\",\"url\":\"https:\\\/\\\/swissgliders.ch\\\/de\\\/produkt\\\/skywalk-salsa\\\/\",\"name\":\"Skywalk Salsa | Gleitschirmschule Thun, Bern, Interlaken\",\"isPartOf\":{\"@id\":\"https:\\\/\\\/swissgliders.ch\\\/de\\\/#website\"},\"primaryImageOfPage\":{\"@id\":\"https:\\\/\\\/swissgliders.ch\\\/de\\\/produkt\\\/skywalk-salsa\\\/#primaryimage\"},\"image\":{\"@id\":\"https:\\\/\\\/swissgliders.ch\\\/de\\\/produkt\\\/skywalk-salsa\\\/#primaryimage\"},\"thumbnailUrl\":\"https:\\\/\\\/swissgliders.ch\\\/wp-content\\\/uploads\\\/2023\\\/02\\\/Skywalk_Notschirm_Tapa_X-Apls-1.png\",\"datePublished\":\"2023-02-20T15:32:49+00:00\",\"dateModified\":\"2024-10-04T08:58:35+00:00\",\"description\":\"skywalk-salsa\",\"breadcrumb\":{\"@id\":\"https:\\\/\\\/swissgliders.ch\\\/de\\\/produkt\\\/skywalk-salsa\\\/#breadcrumb\"},\"inLanguage\":\"de\",\"potentialAction\":[{\"@type\":\"ReadAction\",\"target\":[\"https:\\\/\\\/swissgliders.ch\\\/de\\\/produkt\\\/skywalk-salsa\\\/\"]}]},{\"@type\":\"ImageObject\",\"inLanguage\":\"de\",\"@id\":\"https:\\\/\\\/swissgliders.ch\\\/de\\\/produkt\\\/skywalk-salsa\\\/#primaryimage\",\"url\":\"https:\\\/\\\/swissgliders.ch\\\/wp-content\\\/uploads\\\/2023\\\/02\\\/Skywalk_Notschirm_Tapa_X-Apls-1.png\",\"contentUrl\":\"https:\\\/\\\/swissgliders.ch\\\/wp-content\\\/uploads\\\/2023\\\/02\\\/Skywalk_Notschirm_Tapa_X-Apls-1.png\",\"width\":800,\"height\":1132,\"caption\":\"Skywalk_Notschirm_Tapa_X-Apls-1\"},{\"@type\":\"BreadcrumbList\",\"@id\":\"https:\\\/\\\/swissgliders.ch\\\/de\\\/produkt\\\/skywalk-salsa\\\/#breadcrumb\",\"itemListElement\":[{\"@type\":\"ListItem\",\"position\":1,\"name\":\"Startseite\",\"item\":\"https:\\\/\\\/swissgliders.ch\\\/de\\\/willkommen\\\/\"},{\"@type\":\"ListItem\",\"position\":2,\"name\":\"Gleitschirm Shop\",\"item\":\"https:\\\/\\\/swissgliders.ch\\\/de\\\/gleitschirm-shop\\\/\"},{\"@type\":\"ListItem\",\"position\":3,\"name\":\"Skywalk Salsa\"}]},{\"@type\":\"WebSite\",\"@id\":\"https:\\\/\\\/swissgliders.ch\\\/de\\\/#website\",\"url\":\"https:\\\/\\\/swissgliders.ch\\\/de\\\/\",\"name\":\"Gleitschirmschule Thun, Bern, Interlaken\",\"description\":\"Gleitschirmschule Thun, Bern, Interlaken\",\"publisher\":{\"@id\":\"https:\\\/\\\/swissgliders.ch\\\/de\\\/#organization\"},\"potentialAction\":[{\"@type\":\"SearchAction\",\"target\":{\"@type\":\"EntryPoint\",\"urlTemplate\":\"https:\\\/\\\/swissgliders.ch\\\/de\\\/?s={search_term_string}\"},\"query-input\":{\"@type\":\"PropertyValueSpecification\",\"valueRequired\":true,\"valueName\":\"search_term_string\"}}],\"inLanguage\":\"de\"},{\"@type\":\"Organization\",\"@id\":\"https:\\\/\\\/swissgliders.ch\\\/de\\\/#organization\",\"name\":\"Swissgliders Gleitschirmflugschule Thun\",\"url\":\"https:\\\/\\\/swissgliders.ch\\\/de\\\/\",\"logo\":{\"@type\":\"ImageObject\",\"inLanguage\":\"de\",\"@id\":\"https:\\\/\\\/swissgliders.ch\\\/de\\\/#\\\/schema\\\/logo\\\/image\\\/\",\"url\":\"https:\\\/\\\/swissgliders.ch\\\/wp-content\\\/uploads\\\/2019\\\/12\\\/swissgliders-logo-rgb-square-L-no-ch-01.png\",\"contentUrl\":\"https:\\\/\\\/swissgliders.ch\\\/wp-content\\\/uploads\\\/2019\\\/12\\\/swissgliders-logo-rgb-square-L-no-ch-01.png\",\"width\":2500,\"height\":2500,\"caption\":\"Swissgliders Gleitschirmflugschule Thun\"},\"image\":{\"@id\":\"https:\\\/\\\/swissgliders.ch\\\/de\\\/#\\\/schema\\\/logo\\\/image\\\/\"},\"sameAs\":[\"https:\\\/\\\/www.facebook.com\\\/swissgliders\",\"https:\\\/\\\/x.com\\\/Swissgliders\",\"https:\\\/\\\/www.instagram.com\\\/swissgliders\\\/\",\"https:\\\/\\\/www.youtube.com\\\/channel\\\/UCMCtGdepy9vBhrhX3V_oJOA\"],\"hasMerchantReturnPolicy\":{\"@type\":\"MerchantReturnPolicy\",\"merchantReturnLink\":\"https:\\\/\\\/swissgliders.ch\\\/de\\\/allgemeine-geschaftsbedingungen\\\/\"}}]}<\/script>\n<meta property=\"og:availability\" content=\"instock\" \/>\n<meta property=\"product:availability\" content=\"instock\" \/>\n<meta property=\"product:condition\" content=\"new\" \/>\n<!-- \/ Yoast SEO Premium plugin. -->","yoast_head_json":{"title":"Skywalk Salsa | Gleitschirmschule Thun, Bern, Interlaken","description":"skywalk-salsa","robots":{"index":"index","follow":"follow","max-snippet":"max-snippet:-1","max-image-preview":"max-image-preview:large","max-video-preview":"max-video-preview:-1"},"canonical":"https:\/\/swissgliders.ch\/de\/produkt\/skywalk-salsa\/","og_locale":"de_DE","og_type":"article","og_title":"Skywalk Salsa","og_description":"skywalk-salsa","og_url":"https:\/\/swissgliders.ch\/de\/produkt\/skywalk-salsa\/","og_site_name":"Gleitschirmschule Thun, Bern, Interlaken","article_publisher":"https:\/\/www.facebook.com\/swissgliders","article_modified_time":"2024-10-04T08:58:35+00:00","og_image":[{"width":800,"height":1132,"url":"https:\/\/swissgliders.ch\/wp-content\/uploads\/2023\/02\/Skywalk_Notschirm_Tapa_X-Apls-1.png","type":"image\/png"}],"twitter_card":"summary_large_image","twitter_site":"@Swissgliders","twitter_misc":{"Verf\u00fcgbarkeit":"Auf Lager"},"schema":{"@context":"https:\/\/schema.org","@graph":[{"@type":"WebPage","@id":"https:\/\/swissgliders.ch\/de\/produkt\/skywalk-salsa\/","url":"https:\/\/swissgliders.ch\/de\/produkt\/skywalk-salsa\/","name":"Skywalk Salsa | Gleitschirmschule Thun, Bern, Interlaken","isPartOf":{"@id":"https:\/\/swissgliders.ch\/de\/#website"},"primaryImageOfPage":{"@id":"https:\/\/swissgliders.ch\/de\/produkt\/skywalk-salsa\/#primaryimage"},"image":{"@id":"https:\/\/swissgliders.ch\/de\/produkt\/skywalk-salsa\/#primaryimage"},"thumbnailUrl":"https:\/\/swissgliders.ch\/wp-content\/uploads\/2023\/02\/Skywalk_Notschirm_Tapa_X-Apls-1.png","datePublished":"2023-02-20T15:32:49+00:00","dateModified":"2024-10-04T08:58:35+00:00","description":"skywalk-salsa","breadcrumb":{"@id":"https:\/\/swissgliders.ch\/de\/produkt\/skywalk-salsa\/#breadcrumb"},"inLanguage":"de","potentialAction":[{"@type":"ReadAction","target":["https:\/\/swissgliders.ch\/de\/produkt\/skywalk-salsa\/"]}]},{"@type":"ImageObject","inLanguage":"de","@id":"https:\/\/swissgliders.ch\/de\/produkt\/skywalk-salsa\/#primaryimage","url":"https:\/\/swissgliders.ch\/wp-content\/uploads\/2023\/02\/Skywalk_Notschirm_Tapa_X-Apls-1.png","contentUrl":"https:\/\/swissgliders.ch\/wp-content\/uploads\/2023\/02\/Skywalk_Notschirm_Tapa_X-Apls-1.png","width":800,"height":1132,"caption":"Skywalk_Notschirm_Tapa_X-Apls-1"},{"@type":"BreadcrumbList","@id":"https:\/\/swissgliders.ch\/de\/produkt\/skywalk-salsa\/#breadcrumb","itemListElement":[{"@type":"ListItem","position":1,"name":"Startseite","item":"https:\/\/swissgliders.ch\/de\/willkommen\/"},{"@type":"ListItem","position":2,"name":"Gleitschirm Shop","item":"https:\/\/swissgliders.ch\/de\/gleitschirm-shop\/"},{"@type":"ListItem","position":3,"name":"Skywalk Salsa"}]},{"@type":"WebSite","@id":"https:\/\/swissgliders.ch\/de\/#website","url":"https:\/\/swissgliders.ch\/de\/","name":"Gleitschirmschule Thun, Bern, Interlaken","description":"Gleitschirmschule Thun, Bern, Interlaken","publisher":{"@id":"https:\/\/swissgliders.ch\/de\/#organization"},"potentialAction":[{"@type":"SearchAction","target":{"@type":"EntryPoint","urlTemplate":"https:\/\/swissgliders.ch\/de\/?s={search_term_string}"},"query-input":{"@type":"PropertyValueSpecification","valueRequired":true,"valueName":"search_term_string"}}],"inLanguage":"de"},{"@type":"Organization","@id":"https:\/\/swissgliders.ch\/de\/#organization","name":"Swissgliders Gleitschirmflugschule Thun","url":"https:\/\/swissgliders.ch\/de\/","logo":{"@type":"ImageObject","inLanguage":"de","@id":"https:\/\/swissgliders.ch\/de\/#\/schema\/logo\/image\/","url":"https:\/\/swissgliders.ch\/wp-content\/uploads\/2019\/12\/swissgliders-logo-rgb-square-L-no-ch-01.png","contentUrl":"https:\/\/swissgliders.ch\/wp-content\/uploads\/2019\/12\/swissgliders-logo-rgb-square-L-no-ch-01.png","width":2500,"height":2500,"caption":"Swissgliders Gleitschirmflugschule Thun"},"image":{"@id":"https:\/\/swissgliders.ch\/de\/#\/schema\/logo\/image\/"},"sameAs":["https:\/\/www.facebook.com\/swissgliders","https:\/\/x.com\/Swissgliders","https:\/\/www.instagram.com\/swissgliders\/","https:\/\/www.youtube.com\/channel\/UCMCtGdepy9vBhrhX3V_oJOA"],"hasMerchantReturnPolicy":{"@type":"MerchantReturnPolicy","merchantReturnLink":"https:\/\/swissgliders.ch\/de\/allgemeine-geschaftsbedingungen\/"}}]},"og_availability":"instock","product_availability":"instock","product_condition":"new"},"_links":{"self":[{"href":"https:\/\/swissgliders.ch\/de\/wp-json\/wp\/v2\/product\/9986","targetHints":{"allow":["GET"]}}],"collection":[{"href":"https:\/\/swissgliders.ch\/de\/wp-json\/wp\/v2\/product"}],"about":[{"href":"https:\/\/swissgliders.ch\/de\/wp-json\/wp\/v2\/types\/product"}],"replies":[{"embeddable":true,"href":"https:\/\/swissgliders.ch\/de\/wp-json\/wp\/v2\/comments?post=9986"}],"wp:featuredmedia":[{"embeddable":true,"href":"https:\/\/swissgliders.ch\/de\/wp-json\/wp\/v2\/media\/9984"}],"wp:attachment":[{"href":"https:\/\/swissgliders.ch\/de\/wp-json\/wp\/v2\/media?parent=9986"}],"wp:term":[{"taxonomy":"product_brand","embeddable":true,"href":"https:\/\/swissgliders.ch\/de\/wp-json\/wp\/v2\/product_brand?post=9986"},{"taxonomy":"product_cat","embeddable":true,"href":"https:\/\/swissgliders.ch\/de\/wp-json\/wp\/v2\/product_cat?post=9986"},{"taxonomy":"product_tag","embeddable":true,"href":"https:\/\/swissgliders.ch\/de\/wp-json\/wp\/v2\/product_tag?post=9986"}],"curies":[{"name":"wp","href":"https:\/\/api.w.org\/{rel}","templated":true}]}}