{"id":1351,"date":"2016-09-15T21:35:23","date_gmt":"2016-09-15T19:35:23","guid":{"rendered":"https:\/\/swissgliders.ch\/?page_id=1351"},"modified":"2024-10-25T10:40:40","modified_gmt":"2024-10-25T09:40:40","slug":"bargain-corner","status":"publish","type":"page","link":"https:\/\/swissgliders.ch\/en\/bargain-corner\/","title":{"rendered":"Bargain Corner"},"content":{"rendered":"\n<style type=\"text\/css\" data-created_by=\"avia_inline_auto\" id=\"style-css-av-av_section-437e487970de391786c2ce17522181b4\">\n.avia-section.av-av_section-437e487970de391786c2ce17522181b4{\nbackground-repeat:no-repeat;\nbackground-image:url(https:\/\/swissgliders.ch\/wp-content\/uploads\/2016\/09\/GOPR0194-1280x630.png);\nbackground-position:50% 50%;\nbackground-attachment:scroll;\n}\n.avia-section.av-av_section-437e487970de391786c2ce17522181b4 .av-section-color-overlay{\nopacity:0.4;\nbackground-color:#000000;\n}\n<\/style>\n<div id='av_section_1'  class='avia-section av-av_section-437e487970de391786c2ce17522181b4 main_color avia-section-large avia-no-border-styling  avia-builder-el-0  el_before_av_heading  avia-builder-el-first  avia-full-stretch avia-bg-style-scroll av-section-color-overlay-active container_wrap sidebar_right'  data-section-bg-repeat='stretch'><div class=\"av-section-color-overlay-wrap\"><div class=\"av-section-color-overlay\"><\/div><div class='container av-section-cont-open' ><main  role=\"main\" itemprop=\"mainContentOfPage\"  class='template-page content  av-content-small alpha units'><div class='post-entry post-entry-type-page post-entry-1351'><div class='entry-content-wrapper clearfix'>\n\n<style type=\"text\/css\" data-created_by=\"avia_inline_auto\" id=\"style-css-av-av_heading-be870da547c31a21d23313e4589c010c\">\n#top .av-special-heading.av-av_heading-be870da547c31a21d23313e4589c010c{\npadding-bottom:10px;\ncolor:#ffffff;\nfont-size:70px;\n}\nbody .av-special-heading.av-av_heading-be870da547c31a21d23313e4589c010c .av-special-heading-tag .heading-char{\nfont-size:25px;\n}\n#top #wrap_all .av-special-heading.av-av_heading-be870da547c31a21d23313e4589c010c .av-special-heading-tag{\nfont-size:70px;\n}\n.av-special-heading.av-av_heading-be870da547c31a21d23313e4589c010c .special-heading-inner-border{\nborder-color:#ffffff;\n}\n.av-special-heading.av-av_heading-be870da547c31a21d23313e4589c010c .av-subheading{\nfont-size:15px;\n}\n\n@media only screen and (min-width: 480px) and (max-width: 767px){ \n#top #wrap_all .av-special-heading.av-av_heading-be870da547c31a21d23313e4589c010c .av-special-heading-tag{\nfont-size:0.8em;\n}\n}\n\n@media only screen and (max-width: 479px){ \n#top #wrap_all .av-special-heading.av-av_heading-be870da547c31a21d23313e4589c010c .av-special-heading-tag{\nfont-size:0.8em;\n}\n}\n<\/style>\n<div  class='av-special-heading av-av_heading-be870da547c31a21d23313e4589c010c av-special-heading-h6 custom-color-heading blockquote modern-quote modern-centered  avia-builder-el-1  avia-builder-el-no-sibling  av-inherit-size'><h6 class='av-special-heading-tag '  itemprop=\"headline\"  >Bargain Corner<\/h6><div class=\"special-heading-border\"><div class=\"special-heading-inner-border\"><\/div><\/div><\/div>\n<\/div><\/div><\/main><!-- close content main element --><\/div><\/div><\/div><div id='after_section_1'  class='main_color av_default_container_wrap container_wrap sidebar_right'  ><div class='container av-section-cont-open' ><div class='template-page content  av-content-small alpha units'><div class='post-entry post-entry-type-page post-entry-1351'><div class='entry-content-wrapper clearfix'>\n\n<style type=\"text\/css\" data-created_by=\"avia_inline_auto\" id=\"style-css-av-av_heading-dbc3021adb0f2b01287685d5a4d15989\">\n#top .av-special-heading.av-av_heading-dbc3021adb0f2b01287685d5a4d15989{\npadding-bottom:10px;\nfont-size:34px;\n}\nbody .av-special-heading.av-av_heading-dbc3021adb0f2b01287685d5a4d15989 .av-special-heading-tag .heading-char{\nfont-size:25px;\n}\n#top #wrap_all .av-special-heading.av-av_heading-dbc3021adb0f2b01287685d5a4d15989 .av-special-heading-tag{\nfont-size:34px;\n}\n.av-special-heading.av-av_heading-dbc3021adb0f2b01287685d5a4d15989 .av-subheading{\nfont-size:15px;\n}\n\n@media only screen and (min-width: 480px) and (max-width: 767px){ \n#top #wrap_all .av-special-heading.av-av_heading-dbc3021adb0f2b01287685d5a4d15989 .av-special-heading-tag{\nfont-size:0.8em;\n}\n}\n\n@media only screen and (max-width: 479px){ \n#top #wrap_all .av-special-heading.av-av_heading-dbc3021adb0f2b01287685d5a4d15989 .av-special-heading-tag{\nfont-size:0.8em;\n}\n}\n<\/style>\n<div  class='av-special-heading av-av_heading-dbc3021adb0f2b01287685d5a4d15989 av-special-heading-h3 blockquote modern-quote  avia-builder-el-2  el_after_av_section  el_before_av_textblock  avia-builder-el-first  av-inherit-size'><h3 class='av-special-heading-tag '  itemprop=\"headline\"  >Sell your paragliding stuff here!<\/h3><div class=\"special-heading-border\"><div class=\"special-heading-inner-border\"><\/div><\/div><\/div>\n<section  class='av_textblock_section av-av_textblock-00ad51f87249ad7906daed08df69de25 '   itemscope=\"itemscope\" itemtype=\"https:\/\/schema.org\/CreativeWork\" ><div class='avia_textblock'  itemprop=\"text\" ><p>Here you can post ads for your paragliding stuff you want to sell. After three months the ad will be deleted. After a quick approval of our administration team your ad will be published. Good luck!<\/p>\n<\/div><\/section>\n<div  data-slideshow-options=\"{&quot;animation&quot;:&quot;fade&quot;,&quot;autoplay&quot;:false,&quot;loop_autoplay&quot;:&quot;once&quot;,&quot;interval&quot;:5,&quot;loop_manual&quot;:&quot;manual-endless&quot;,&quot;autoplay_stopper&quot;:false,&quot;noNavigation&quot;:false,&quot;show_slide_delay&quot;:90}\" class='avia-content-slider avia-content-grid-active avia-content-slider1 avia-content-slider-odd  avia-builder-el-4  el_after_av_textblock  el_before_av_codeblock  av-slideshow-ui av-control-default   av-no-slider-navigation av-slideshow-manual av-loop-once av-loop-manual-endless '  itemscope=\"itemscope\" itemtype=\"https:\/\/schema.org\/Blog\" ><div class=\"avia-content-slider-inner\"><div class=\"slide-entry-wrap\"><article class='slide-entry flex_column  post-entry post-entry-20177 slide-entry-overview slide-loop-1 slide-parity-odd  av_one_third first real-thumbnail posttype-post post-format-standard'  itemscope=\"itemscope\" itemtype=\"https:\/\/schema.org\/CreativeWork\" ><a href='https:\/\/swissgliders.ch\/en\/2025\/07\/14\/davinci-classic-m-for-sale\/' data-rel='slide-1' class='slide-image' title='Davinci Classic M for sale'><img decoding=\"async\" fetchpriority=\"high\" width=\"495\" height=\"400\" src=\"https:\/\/swissgliders.ch\/wp-content\/uploads\/2025\/07\/1000000131-0-495x400.png\" class=\"wp-image-20179 avia-img-lazy-loading-not-20179 attachment-portfolio size-portfolio wp-post-image\" alt=\"\" srcset=\"https:\/\/swissgliders.ch\/wp-content\/uploads\/2025\/07\/1000000131-0-495x400.png 495w, https:\/\/swissgliders.ch\/wp-content\/uploads\/2025\/07\/1000000131-0-845x684.png 845w\" sizes=\"(max-width: 495px) 100vw, 495px\" \/><\/a><div class=\"slide-content\"><header class=\"entry-content-header\" aria-label=\"Slide: Davinci Classic M for sale\"><span class=\"blog-categories minor-meta\"><a href=\"https:\/\/swissgliders.ch\/en\/category\/bargains\/\" rel=\"tag\">Bargains<\/a> <\/span><h3 class='slide-entry-title entry-title '  itemprop=\"headline\" ><a href='https:\/\/swissgliders.ch\/en\/2025\/07\/14\/davinci-classic-m-for-sale\/' title='Davinci Classic M for sale'>Davinci Classic M for sale<\/a><\/h3><span class=\"av-vertical-delimiter\"><\/span><\/header><div class='slide-entry-excerpt entry-content'  itemprop=\"text\" >Low hours, perfect condition.\r\nContact for test flight in Valais\/Vaud<\/div><\/div><footer class=\"entry-footer\"><div class=\"slide-meta\"><time class='slide-meta-time updated'  itemprop=\"datePublished\" datetime=\"2025-07-14T19:42:52+01:00\" >14.07.2025<\/time><\/div><\/footer><span class='hidden'>\n\t\t\t\t<span class='av-structured-data'  itemprop=\"image\" itemscope=\"itemscope\" itemtype=\"https:\/\/schema.org\/ImageObject\" >\n\t\t\t\t\t\t<span itemprop='url'>https:\/\/swissgliders.ch\/wp-content\/uploads\/2025\/07\/1000000131-0.png<\/span>\n\t\t\t\t\t\t<span itemprop='height'>720<\/span>\n\t\t\t\t\t\t<span itemprop='width'>1440<\/span>\n\t\t\t\t<\/span>\n\t\t\t\t<span class='av-structured-data'  itemprop=\"publisher\" itemtype=\"https:\/\/schema.org\/Organization\" itemscope=\"itemscope\" >\n\t\t\t\t\t\t<span itemprop='name'>Jonas Thommen<\/span>\n\t\t\t\t\t\t<span itemprop='logo' itemscope itemtype='https:\/\/schema.org\/ImageObject'>\n\t\t\t\t\t\t\t<span itemprop='url'>https:\/\/swissgliders.ch\/wp-content\/uploads\/2019\/12\/swissgliders-logo-rgb-square-L-no-ch-01-300x300.png<\/span>\n\t\t\t\t\t\t<\/span>\n\t\t\t\t<\/span><span class='av-structured-data'  itemprop=\"author\" itemscope=\"itemscope\" itemtype=\"https:\/\/schema.org\/Person\" ><span itemprop='name'>Jonas Thommen<\/span><\/span><span class='av-structured-data'  itemprop=\"datePublished\" datetime=\"2016-09-15T21:35:23+01:00\" >2025-07-14 19:42:52<\/span><span class='av-structured-data'  itemprop=\"dateModified\" itemtype=\"https:\/\/schema.org\/dateModified\" >2025-07-14 19:42:52<\/span><span class='av-structured-data'  itemprop=\"mainEntityOfPage\" itemtype=\"https:\/\/schema.org\/mainEntityOfPage\" ><span itemprop='name'>Davinci Classic M for sale<\/span><\/span><\/span><\/article><article class='slide-entry flex_column  post-entry post-entry-1974 slide-entry-overview slide-loop-2 slide-parity-even  av_one_third  fake-thumbnail posttype-post post-format-standard'  itemscope=\"itemscope\" itemtype=\"https:\/\/schema.org\/CreativeWork\" ><a href='https:\/\/swissgliders.ch\/en\/2018\/04\/18\/wendegurtzeug-advance-progress2-s-mit-sky-lite-retter-l-neu\/' data-rel='slide-1' class='slide-image' title='Wendegurtzeug Advance Progress2 S mit Sky Lite Retter L NEU'><span class='fallback-post-type-icon avia-svg-icon avia-font-svg_entypo-fontello' data-av_svg_icon='pencil' data-av_iconset='svg_entypo-fontello'><svg version=\"1.1\" xmlns=\"http:\/\/www.w3.org\/2000\/svg\" width=\"25\" height=\"32\" viewBox=\"0 0 25 32\" preserveAspectRatio=\"xMidYMid meet\" role=\"graphics-symbol\" aria-hidden=\"true\">\n<path d=\"M22.976 5.44q1.024 1.024 1.504 2.048t0.48 1.536v0.512l-8.064 8.064-9.28 9.216-7.616 1.664 1.6-7.68 9.28-9.216 8.064-8.064q1.728-0.384 4.032 1.92zM7.168 25.92l0.768-0.768q-0.064-1.408-1.664-3.008-0.704-0.704-1.44-1.12t-1.12-0.416l-0.448-0.064-0.704 0.768-0.576 2.56q0.896 0.512 1.472 1.088 0.768 0.768 1.152 1.536z\"><\/path>\n<\/svg><\/span><span class='slider-fallback-image'><img decoding=\"async\" fetchpriority=\"high\" width=\"495\" height=\"400\" src=\"https:\/\/swissgliders.ch\/wp-content\/uploads\/2016\/09\/IMG_5847-495x400-1.jpg\" class=\"wp-image-1382 avia-img-lazy-loading-not-1382 attachment-portfolio size-portfolio wp-post-image\" alt=\"\" srcset=\"https:\/\/swissgliders.ch\/wp-content\/uploads\/2016\/09\/IMG_5847-495x400-1.jpg 495w, https:\/\/swissgliders.ch\/wp-content\/uploads\/2016\/09\/IMG_5847-845x684-1.jpg 845w\" sizes=\"(max-width: 495px) 100vw, 495px\" \/><small class='avia-copyright'>Swissgliders Tandem Paragliding<\/small><\/span><\/a><div class=\"slide-content\"><header class=\"entry-content-header\" aria-label=\"Slide: Wendegurtzeug Advance Progress2 S mit Sky Lite Retter L NEU\"><span class=\"blog-categories minor-meta\"><a href=\"https:\/\/swissgliders.ch\/en\/category\/bargains\/\" rel=\"tag\">Bargains<\/a> <\/span><h3 class='slide-entry-title entry-title '  itemprop=\"headline\" ><a href='https:\/\/swissgliders.ch\/en\/2018\/04\/18\/wendegurtzeug-advance-progress2-s-mit-sky-lite-retter-l-neu\/' title='Wendegurtzeug Advance Progress2 S mit Sky Lite Retter L NEU'>Wendegurtzeug Advance Progress2 S mit Sky Lite Retter L NEU<\/a><\/h3><span class=\"av-vertical-delimiter\"><\/span><\/header><div class='slide-entry-excerpt entry-content'  itemprop=\"text\" >Neues Wendegurtzeug von Advance\r\nProgress2 f\u00fcr Pilotengr\u00f6ssen von 155-172cm K\u00f6rpergr\u00f6sse\r\nRucksackvolumen 70Liter\r\nGewicht nur 3Kg\r\n\r\nmit extrem leichtem Sky Lite Rundkappen Retter (1100gr leicht) in Gr\u00f6sse L f\u00fcr bis zu 95Kg Abfluggewicht\r\n\r\nbeides\u2026<\/div><\/div><footer class=\"entry-footer\"><div class=\"slide-meta\"><time class='slide-meta-time updated'  itemprop=\"datePublished\" datetime=\"2018-04-18T09:40:23+01:00\" >18.04.2018<\/time><div class=\"slide-meta-del\">\/<\/div><div class=\"slide-meta-comments\"><a href='https:\/\/swissgliders.ch\/en\/2018\/04\/18\/wendegurtzeug-advance-progress2-s-mit-sky-lite-retter-l-neu\/#respond'>0 Comments<\/a><\/div><\/div><\/footer><span class='hidden'>\n\t\t\t\t<span class='av-structured-data'  itemprop=\"image\" itemscope=\"itemscope\" itemtype=\"https:\/\/schema.org\/ImageObject\" >\n\t\t\t\t\t\t<span itemprop='url'>https:\/\/swissgliders.ch\/wp-content\/uploads\/2019\/12\/swissgliders-logo-rgb-square-L-no-ch-01-300x300.png<\/span>\n\t\t\t\t\t\t<span itemprop='height'>0<\/span>\n\t\t\t\t\t\t<span itemprop='width'>0<\/span>\n\t\t\t\t<\/span>\n\t\t\t\t<span class='av-structured-data'  itemprop=\"publisher\" itemtype=\"https:\/\/schema.org\/Organization\" itemscope=\"itemscope\" >\n\t\t\t\t\t\t<span itemprop='name'>Jonas Thommen<\/span>\n\t\t\t\t\t\t<span itemprop='logo' itemscope itemtype='https:\/\/schema.org\/ImageObject'>\n\t\t\t\t\t\t\t<span itemprop='url'>https:\/\/swissgliders.ch\/wp-content\/uploads\/2019\/12\/swissgliders-logo-rgb-square-L-no-ch-01-300x300.png<\/span>\n\t\t\t\t\t\t<\/span>\n\t\t\t\t<\/span><span class='av-structured-data'  itemprop=\"author\" itemscope=\"itemscope\" itemtype=\"https:\/\/schema.org\/Person\" ><span itemprop='name'>Jonas Thommen<\/span><\/span><span class='av-structured-data'  itemprop=\"datePublished\" datetime=\"2016-09-15T21:35:23+01:00\" >2018-04-18 09:40:23<\/span><span class='av-structured-data'  itemprop=\"dateModified\" itemtype=\"https:\/\/schema.org\/dateModified\" >2018-04-18 09:40:23<\/span><span class='av-structured-data'  itemprop=\"mainEntityOfPage\" itemtype=\"https:\/\/schema.org\/mainEntityOfPage\" ><span itemprop='name'>Wendegurtzeug Advance Progress2 S mit Sky Lite Retter L NEU<\/span><\/span><\/span><\/article><article class='slide-entry flex_column  post-entry post-entry-1381 slide-entry-overview slide-loop-3 slide-parity-odd  post-entry-last  av_one_third  real-thumbnail posttype-post post-format-standard'  itemscope=\"itemscope\" itemtype=\"https:\/\/schema.org\/CreativeWork\" ><a href='https:\/\/swissgliders.ch\/en\/2016\/09\/16\/grosser-thermik-schnellpacksack\/' data-rel='slide-1' class='slide-image' title='Grosser Thermik Schnellpacksack'><img decoding=\"async\" fetchpriority=\"high\" width=\"495\" height=\"400\" src=\"https:\/\/swissgliders.ch\/wp-content\/uploads\/2016\/09\/IMG_5847-495x400-1.jpg\" class=\"wp-image-1382 avia-img-lazy-loading-not-1382 attachment-portfolio size-portfolio wp-post-image\" alt=\"\" srcset=\"https:\/\/swissgliders.ch\/wp-content\/uploads\/2016\/09\/IMG_5847-495x400-1.jpg 495w, https:\/\/swissgliders.ch\/wp-content\/uploads\/2016\/09\/IMG_5847-845x684-1.jpg 845w\" sizes=\"(max-width: 495px) 100vw, 495px\" \/><small class='avia-copyright'>Swissgliders Tandem Paragliding<\/small><\/a><div class=\"slide-content\"><header class=\"entry-content-header\" aria-label=\"Slide: Grosser Thermik Schnellpacksack\"><span class=\"blog-categories minor-meta\"><a href=\"https:\/\/swissgliders.ch\/en\/category\/bargains\/\" rel=\"tag\">Bargains<\/a> <\/span><h3 class='slide-entry-title entry-title '  itemprop=\"headline\" ><a href='https:\/\/swissgliders.ch\/en\/2016\/09\/16\/grosser-thermik-schnellpacksack\/' title='Grosser Thermik Schnellpacksack'>Grosser Thermik Schnellpacksack<\/a><\/h3><span class=\"av-vertical-delimiter\"><\/span><\/header><div class='slide-entry-excerpt entry-content'  itemprop=\"text\" >Habe einen Thermik Schnellpacksack zu verkaufen. Sehr guter Zustand, wenig gebraucht. Verkaufspreis CHF 40.-. Abholung in Thun oder per Post gegen Aufpreis.\r\n+41 79 606 84 82<\/div><\/div><footer class=\"entry-footer\"><div class=\"slide-meta\"><time class='slide-meta-time updated'  itemprop=\"datePublished\" datetime=\"2016-09-16T22:55:01+01:00\" >16.09.2016<\/time><div class=\"slide-meta-del\">\/<\/div><div class=\"slide-meta-comments\"><a href='https:\/\/swissgliders.ch\/en\/2016\/09\/16\/grosser-thermik-schnellpacksack\/#respond'>0 Comments<\/a><\/div><\/div><\/footer><span class='hidden'>\n\t\t\t\t<span class='av-structured-data'  itemprop=\"image\" itemscope=\"itemscope\" itemtype=\"https:\/\/schema.org\/ImageObject\" >\n\t\t\t\t\t\t<span itemprop='url'>https:\/\/swissgliders.ch\/wp-content\/uploads\/2016\/09\/IMG_5847.jpg<\/span>\n\t\t\t\t\t\t<span itemprop='height'>960<\/span>\n\t\t\t\t\t\t<span itemprop='width'>1280<\/span>\n\t\t\t\t<\/span>\n\t\t\t\t<span class='av-structured-data'  itemprop=\"publisher\" itemtype=\"https:\/\/schema.org\/Organization\" itemscope=\"itemscope\" >\n\t\t\t\t\t\t<span itemprop='name'>Jonas Thommen<\/span>\n\t\t\t\t\t\t<span itemprop='logo' itemscope itemtype='https:\/\/schema.org\/ImageObject'>\n\t\t\t\t\t\t\t<span itemprop='url'>https:\/\/swissgliders.ch\/wp-content\/uploads\/2019\/12\/swissgliders-logo-rgb-square-L-no-ch-01-300x300.png<\/span>\n\t\t\t\t\t\t<\/span>\n\t\t\t\t<\/span><span class='av-structured-data'  itemprop=\"author\" itemscope=\"itemscope\" itemtype=\"https:\/\/schema.org\/Person\" ><span itemprop='name'>Jonas Thommen<\/span><\/span><span class='av-structured-data'  itemprop=\"datePublished\" datetime=\"2016-09-15T21:35:23+01:00\" >2016-09-16 22:55:01<\/span><span class='av-structured-data'  itemprop=\"dateModified\" itemtype=\"https:\/\/schema.org\/dateModified\" >2016-09-16 22:55:01<\/span><span class='av-structured-data'  itemprop=\"mainEntityOfPage\" itemtype=\"https:\/\/schema.org\/mainEntityOfPage\" ><span itemprop='name'>Grosser Thermik Schnellpacksack<\/span><\/span><\/span><\/article><\/div><\/div><\/div>\n\n","protected":false},"excerpt":{"rendered":"","protected":false},"author":1,"featured_media":0,"parent":0,"menu_order":0,"comment_status":"closed","ping_status":"closed","template":"","meta":{"footnotes":""},"class_list":["post-1351","page","type-page","status-publish","hentry"],"yoast_head":"<!-- This site is optimized with the Yoast SEO Premium plugin v26.1 (Yoast SEO v27.3) - https:\/\/yoast.com\/product\/yoast-seo-premium-wordpress\/ -->\n<title>Bargain Corner | Paragliding School Thun, Bern, Interlaken<\/title>\n<meta name=\"description\" content=\"Post your paragliding gear ads in our Bargain Corner! Ads are deleted after three months. Quick approval by our team. Good luck.\" \/>\n<meta name=\"robots\" content=\"index, follow, max-snippet:-1, max-image-preview:large, max-video-preview:-1\" \/>\n<link rel=\"canonical\" href=\"https:\/\/swissgliders.ch\/en\/bargain-corner\/\" \/>\n<meta property=\"og:locale\" content=\"en_US\" \/>\n<meta property=\"og:type\" content=\"article\" \/>\n<meta property=\"og:title\" content=\"Bargain Corner\" \/>\n<meta property=\"og:description\" content=\"Post your paragliding gear ads in our Bargain Corner! Ads are deleted after three months. Quick approval by our team. Good luck.\" \/>\n<meta property=\"og:url\" content=\"https:\/\/swissgliders.ch\/en\/bargain-corner\/\" \/>\n<meta property=\"og:site_name\" content=\"Paragliding School Thun, Bern, Interlaken\" \/>\n<meta property=\"article:publisher\" content=\"https:\/\/www.facebook.com\/swissgliders\" \/>\n<meta property=\"article:modified_time\" content=\"2024-10-25T09:40:40+00:00\" \/>\n<meta name=\"twitter:card\" content=\"summary_large_image\" \/>\n<meta name=\"twitter:site\" content=\"@Swissgliders\" \/>\n<meta name=\"twitter:label1\" content=\"Est. reading time\" \/>\n\t<meta name=\"twitter:data1\" content=\"1 minute\" \/>\n<script type=\"application\/ld+json\" class=\"yoast-schema-graph\">{\"@context\":\"https:\\\/\\\/schema.org\",\"@graph\":[{\"@type\":\"WebPage\",\"@id\":\"https:\\\/\\\/swissgliders.ch\\\/en\\\/bargain-corner\\\/\",\"url\":\"https:\\\/\\\/swissgliders.ch\\\/en\\\/bargain-corner\\\/\",\"name\":\"Bargain Corner | Paragliding School Thun, Bern, Interlaken\",\"isPartOf\":{\"@id\":\"https:\\\/\\\/swissgliders.ch\\\/en\\\/#website\"},\"datePublished\":\"2016-09-15T19:35:23+00:00\",\"dateModified\":\"2024-10-25T09:40:40+00:00\",\"description\":\"Post your paragliding gear ads in our Bargain Corner! Ads are deleted after three months. Quick approval by our team. Good luck.\",\"breadcrumb\":{\"@id\":\"https:\\\/\\\/swissgliders.ch\\\/en\\\/bargain-corner\\\/#breadcrumb\"},\"inLanguage\":\"en-US\",\"potentialAction\":[{\"@type\":\"ReadAction\",\"target\":[\"https:\\\/\\\/swissgliders.ch\\\/en\\\/bargain-corner\\\/\"]}]},{\"@type\":\"BreadcrumbList\",\"@id\":\"https:\\\/\\\/swissgliders.ch\\\/en\\\/bargain-corner\\\/#breadcrumb\",\"itemListElement\":[{\"@type\":\"ListItem\",\"position\":1,\"name\":\"Startseite\",\"item\":\"https:\\\/\\\/swissgliders.ch\\\/en\\\/welcome\\\/\"},{\"@type\":\"ListItem\",\"position\":2,\"name\":\"Bargain Corner\"}]},{\"@type\":\"WebSite\",\"@id\":\"https:\\\/\\\/swissgliders.ch\\\/en\\\/#website\",\"url\":\"https:\\\/\\\/swissgliders.ch\\\/en\\\/\",\"name\":\"Gleitschirmschule Thun, Bern, Interlaken\",\"description\":\"Paragliding School Thun, Bern, Interlaken\",\"publisher\":{\"@id\":\"https:\\\/\\\/swissgliders.ch\\\/en\\\/#organization\"},\"potentialAction\":[{\"@type\":\"SearchAction\",\"target\":{\"@type\":\"EntryPoint\",\"urlTemplate\":\"https:\\\/\\\/swissgliders.ch\\\/en\\\/?s={search_term_string}\"},\"query-input\":{\"@type\":\"PropertyValueSpecification\",\"valueRequired\":true,\"valueName\":\"search_term_string\"}}],\"inLanguage\":\"en-US\"},{\"@type\":\"Organization\",\"@id\":\"https:\\\/\\\/swissgliders.ch\\\/en\\\/#organization\",\"name\":\"Swissgliders Gleitschirmflugschule Thun\",\"url\":\"https:\\\/\\\/swissgliders.ch\\\/en\\\/\",\"logo\":{\"@type\":\"ImageObject\",\"inLanguage\":\"en-US\",\"@id\":\"https:\\\/\\\/swissgliders.ch\\\/en\\\/#\\\/schema\\\/logo\\\/image\\\/\",\"url\":\"https:\\\/\\\/swissgliders.ch\\\/wp-content\\\/uploads\\\/2019\\\/12\\\/swissgliders-logo-rgb-square-L-no-ch-01.png\",\"contentUrl\":\"https:\\\/\\\/swissgliders.ch\\\/wp-content\\\/uploads\\\/2019\\\/12\\\/swissgliders-logo-rgb-square-L-no-ch-01.png\",\"width\":2500,\"height\":2500,\"caption\":\"Swissgliders Gleitschirmflugschule Thun\"},\"image\":{\"@id\":\"https:\\\/\\\/swissgliders.ch\\\/en\\\/#\\\/schema\\\/logo\\\/image\\\/\"},\"sameAs\":[\"https:\\\/\\\/www.facebook.com\\\/swissgliders\",\"https:\\\/\\\/x.com\\\/Swissgliders\",\"https:\\\/\\\/www.instagram.com\\\/swissgliders\\\/\",\"https:\\\/\\\/www.youtube.com\\\/channel\\\/UCMCtGdepy9vBhrhX3V_oJOA\"],\"hasMerchantReturnPolicy\":{\"@type\":\"MerchantReturnPolicy\",\"merchantReturnLink\":\"https:\\\/\\\/swissgliders.ch\\\/de\\\/allgemeine-geschaftsbedingungen\\\/\"}}]}<\/script>\n<!-- \/ Yoast SEO Premium plugin. -->","yoast_head_json":{"title":"Bargain Corner | Paragliding School Thun, Bern, Interlaken","description":"Post your paragliding gear ads in our Bargain Corner! Ads are deleted after three months. Quick approval by our team. Good luck.","robots":{"index":"index","follow":"follow","max-snippet":"max-snippet:-1","max-image-preview":"max-image-preview:large","max-video-preview":"max-video-preview:-1"},"canonical":"https:\/\/swissgliders.ch\/en\/bargain-corner\/","og_locale":"en_US","og_type":"article","og_title":"Bargain Corner","og_description":"Post your paragliding gear ads in our Bargain Corner! Ads are deleted after three months. Quick approval by our team. Good luck.","og_url":"https:\/\/swissgliders.ch\/en\/bargain-corner\/","og_site_name":"Paragliding School Thun, Bern, Interlaken","article_publisher":"https:\/\/www.facebook.com\/swissgliders","article_modified_time":"2024-10-25T09:40:40+00:00","twitter_card":"summary_large_image","twitter_site":"@Swissgliders","twitter_misc":{"Est. reading time":"1 minute"},"schema":{"@context":"https:\/\/schema.org","@graph":[{"@type":"WebPage","@id":"https:\/\/swissgliders.ch\/en\/bargain-corner\/","url":"https:\/\/swissgliders.ch\/en\/bargain-corner\/","name":"Bargain Corner | Paragliding School Thun, Bern, Interlaken","isPartOf":{"@id":"https:\/\/swissgliders.ch\/en\/#website"},"datePublished":"2016-09-15T19:35:23+00:00","dateModified":"2024-10-25T09:40:40+00:00","description":"Post your paragliding gear ads in our Bargain Corner! Ads are deleted after three months. Quick approval by our team. Good luck.","breadcrumb":{"@id":"https:\/\/swissgliders.ch\/en\/bargain-corner\/#breadcrumb"},"inLanguage":"en-US","potentialAction":[{"@type":"ReadAction","target":["https:\/\/swissgliders.ch\/en\/bargain-corner\/"]}]},{"@type":"BreadcrumbList","@id":"https:\/\/swissgliders.ch\/en\/bargain-corner\/#breadcrumb","itemListElement":[{"@type":"ListItem","position":1,"name":"Startseite","item":"https:\/\/swissgliders.ch\/en\/welcome\/"},{"@type":"ListItem","position":2,"name":"Bargain Corner"}]},{"@type":"WebSite","@id":"https:\/\/swissgliders.ch\/en\/#website","url":"https:\/\/swissgliders.ch\/en\/","name":"Gleitschirmschule Thun, Bern, Interlaken","description":"Paragliding School Thun, Bern, Interlaken","publisher":{"@id":"https:\/\/swissgliders.ch\/en\/#organization"},"potentialAction":[{"@type":"SearchAction","target":{"@type":"EntryPoint","urlTemplate":"https:\/\/swissgliders.ch\/en\/?s={search_term_string}"},"query-input":{"@type":"PropertyValueSpecification","valueRequired":true,"valueName":"search_term_string"}}],"inLanguage":"en-US"},{"@type":"Organization","@id":"https:\/\/swissgliders.ch\/en\/#organization","name":"Swissgliders Gleitschirmflugschule Thun","url":"https:\/\/swissgliders.ch\/en\/","logo":{"@type":"ImageObject","inLanguage":"en-US","@id":"https:\/\/swissgliders.ch\/en\/#\/schema\/logo\/image\/","url":"https:\/\/swissgliders.ch\/wp-content\/uploads\/2019\/12\/swissgliders-logo-rgb-square-L-no-ch-01.png","contentUrl":"https:\/\/swissgliders.ch\/wp-content\/uploads\/2019\/12\/swissgliders-logo-rgb-square-L-no-ch-01.png","width":2500,"height":2500,"caption":"Swissgliders Gleitschirmflugschule Thun"},"image":{"@id":"https:\/\/swissgliders.ch\/en\/#\/schema\/logo\/image\/"},"sameAs":["https:\/\/www.facebook.com\/swissgliders","https:\/\/x.com\/Swissgliders","https:\/\/www.instagram.com\/swissgliders\/","https:\/\/www.youtube.com\/channel\/UCMCtGdepy9vBhrhX3V_oJOA"],"hasMerchantReturnPolicy":{"@type":"MerchantReturnPolicy","merchantReturnLink":"https:\/\/swissgliders.ch\/de\/allgemeine-geschaftsbedingungen\/"}}]}},"_links":{"self":[{"href":"https:\/\/swissgliders.ch\/en\/wp-json\/wp\/v2\/pages\/1351","targetHints":{"allow":["GET"]}}],"collection":[{"href":"https:\/\/swissgliders.ch\/en\/wp-json\/wp\/v2\/pages"}],"about":[{"href":"https:\/\/swissgliders.ch\/en\/wp-json\/wp\/v2\/types\/page"}],"author":[{"embeddable":true,"href":"https:\/\/swissgliders.ch\/en\/wp-json\/wp\/v2\/users\/1"}],"replies":[{"embeddable":true,"href":"https:\/\/swissgliders.ch\/en\/wp-json\/wp\/v2\/comments?post=1351"}],"version-history":[{"count":14,"href":"https:\/\/swissgliders.ch\/en\/wp-json\/wp\/v2\/pages\/1351\/revisions"}],"predecessor-version":[{"id":15379,"href":"https:\/\/swissgliders.ch\/en\/wp-json\/wp\/v2\/pages\/1351\/revisions\/15379"}],"wp:attachment":[{"href":"https:\/\/swissgliders.ch\/en\/wp-json\/wp\/v2\/media?parent=1351"}],"curies":[{"name":"wp","href":"https:\/\/api.w.org\/{rel}","templated":true}]}}